{"id":1370,"date":"2021-07-09T12:51:33","date_gmt":"2021-07-09T16:51:33","guid":{"rendered":"https:\/\/moeb.ca\/the-volunteers\/"},"modified":"2024-11-14T14:20:10","modified_gmt":"2024-11-14T19:20:10","slug":"the-volunteers","status":"publish","type":"page","link":"https:\/\/moeb.ca\/en\/the-volunteers\/","title":{"rendered":"The Volunteers"},"content":{"rendered":"\n\n\t\t\t\t<a href=\"https:\/\/moeb.ca\/wp-content\/uploads\/2024\/11\/benevoles-volunterrs.jpg\" target=\"_self\" itemprop=\"url\">\n\t\t\t\t<img decoding=\"async\" src=\"https:\/\/moeb.ca\/wp-content\/uploads\/2024\/11\/benevoles-volunterrs.jpg\" alt=\"a group of volunteers at the MOEB\" itemprop=\"image\" height=\"900\" width=\"1200\" title=\"benevoles-volunterrs\" onerror=\"this.style.display='none'\"  \/>\n\t\t\t\t<\/a>\n\t<p>We host volunteer events such as conferences and workshops.<\/p>\n\t<p>Without the dedication of our many volunteers, the Mus\u00e9e des ondes Emile Berliner would be unable to offer its full range of services to the public. Our volunteer guides play a crucial role in providing visitors with engaging and informative tours of the exhibitions.<\/p>\n<p>Additionally, thanks to the efforts of our volunteers, the Museum publishes a newsletter, <strong>*His Master&#8217;s Voice*<\/strong>, several times a year. Volunteers also contribute by serving on the Board of Directors and the Acquisition and Collection Committee.<\/p>\n<p>We are always looking for new volunteers. If you have an interest in meeting enthusiasts of recordings, phonographs, radios, television sets, or history, we would be delighted to welcome you to our team. If you live in the Montreal metropolitan area and wish to get involved, please email us at <a href=\"mailto:info@moeb.ca\">info@moeb.ca<\/a>.<\/p>\n\n","protected":false},"excerpt":{"rendered":"<p>We host volunteer events such as conferences and workshops. Without the dedication of our many volunteers, the Mus\u00e9e des ondes Emile Berliner would be unable to offer its full range of services to the public. Our volunteer guides play a crucial role in providing visitors with engaging and informative tours of the exhibitions. Additionally, thanks [&hellip;]<\/p>\n","protected":false},"author":1,"featured_media":0,"parent":0,"menu_order":0,"comment_status":"closed","ping_status":"closed","template":"","meta":{"_acf_changed":false,"_genesis_hide_title":false,"_genesis_hide_breadcrumbs":false,"_genesis_hide_singular_image":false,"_genesis_hide_footer_widgets":false,"_genesis_custom_body_class":"","_genesis_custom_post_class":"","_genesis_layout":"","ngg_post_thumbnail":0,"footnotes":""},"class_list":{"0":"post-1370","1":"page","2":"type-page","3":"status-publish","5":"entry"},"acf":[],"yoast_head":"<!-- This site is optimized with the Yoast SEO plugin v27.3 - https:\/\/yoast.com\/product\/yoast-seo-wordpress\/ -->\n<title>The Volunteers - Mus\u00e9e des ondes Emile Berliner<\/title>\n<meta name=\"robots\" content=\"index, follow, max-snippet:-1, max-image-preview:large, max-video-preview:-1\" \/>\n<link rel=\"canonical\" href=\"https:\/\/moeb.ca\/en\/the-volunteers\/\" \/>\n<meta property=\"og:locale\" content=\"en_US\" \/>\n<meta property=\"og:type\" content=\"article\" \/>\n<meta property=\"og:title\" content=\"The Volunteers - Mus\u00e9e des ondes Emile Berliner\" \/>\n<meta property=\"og:description\" content=\"We host volunteer events such as conferences and workshops. Without the dedication of our many volunteers, the Mus\u00e9e des ondes Emile Berliner would be unable to offer its full range of services to the public. Our volunteer guides play a crucial role in providing visitors with engaging and informative tours of the exhibitions. Additionally, thanks [&hellip;]\" \/>\n<meta property=\"og:url\" content=\"https:\/\/moeb.ca\/en\/the-volunteers\/\" \/>\n<meta property=\"og:site_name\" content=\"Mus\u00e9e des ondes Emile Berliner\" \/>\n<meta property=\"article:publisher\" content=\"https:\/\/www.facebook.com\/Mus%c3%a9e-des-ondes-Emile-Berliner-368583116562909\/\" \/>\n<meta property=\"article:modified_time\" content=\"2024-11-14T19:20:10+00:00\" \/>\n<meta property=\"og:image\" content=\"https:\/\/moeb.ca\/wp-content\/uploads\/2024\/11\/benevoles-volunterrs.jpg\" \/>\n<meta name=\"twitter:card\" content=\"summary_large_image\" \/>\n<meta name=\"twitter:label1\" content=\"Est. reading time\" \/>\n\t<meta name=\"twitter:data1\" content=\"1 minute\" \/>\n<script type=\"application\/ld+json\" class=\"yoast-schema-graph\">{\"@context\":\"https:\\\/\\\/schema.org\",\"@graph\":[{\"@type\":\"WebPage\",\"@id\":\"https:\\\/\\\/moeb.ca\\\/en\\\/the-volunteers\\\/\",\"url\":\"https:\\\/\\\/moeb.ca\\\/en\\\/the-volunteers\\\/\",\"name\":\"The Volunteers - Mus\u00e9e des ondes Emile Berliner\",\"isPartOf\":{\"@id\":\"https:\\\/\\\/moeb.ca\\\/en\\\/#website\"},\"primaryImageOfPage\":{\"@id\":\"https:\\\/\\\/moeb.ca\\\/en\\\/the-volunteers\\\/#primaryimage\"},\"image\":{\"@id\":\"https:\\\/\\\/moeb.ca\\\/en\\\/the-volunteers\\\/#primaryimage\"},\"thumbnailUrl\":\"https:\\\/\\\/moeb.ca\\\/wp-content\\\/uploads\\\/2024\\\/11\\\/benevoles-volunterrs.jpg\",\"datePublished\":\"2021-07-09T16:51:33+00:00\",\"dateModified\":\"2024-11-14T19:20:10+00:00\",\"breadcrumb\":{\"@id\":\"https:\\\/\\\/moeb.ca\\\/en\\\/the-volunteers\\\/#breadcrumb\"},\"inLanguage\":\"en-US\",\"potentialAction\":[{\"@type\":\"ReadAction\",\"target\":[\"https:\\\/\\\/moeb.ca\\\/en\\\/the-volunteers\\\/\"]}]},{\"@type\":\"ImageObject\",\"inLanguage\":\"en-US\",\"@id\":\"https:\\\/\\\/moeb.ca\\\/en\\\/the-volunteers\\\/#primaryimage\",\"url\":\"https:\\\/\\\/moeb.ca\\\/wp-content\\\/uploads\\\/2024\\\/11\\\/benevoles-volunterrs.jpg\",\"contentUrl\":\"https:\\\/\\\/moeb.ca\\\/wp-content\\\/uploads\\\/2024\\\/11\\\/benevoles-volunterrs.jpg\"},{\"@type\":\"BreadcrumbList\",\"@id\":\"https:\\\/\\\/moeb.ca\\\/en\\\/the-volunteers\\\/#breadcrumb\",\"itemListElement\":[{\"@type\":\"ListItem\",\"position\":1,\"name\":\"Home\",\"item\":\"https:\\\/\\\/moeb.ca\\\/en\\\/\"},{\"@type\":\"ListItem\",\"position\":2,\"name\":\"The Museum \u00bb The Volunteers\"}]},{\"@type\":\"WebSite\",\"@id\":\"https:\\\/\\\/moeb.ca\\\/en\\\/#website\",\"url\":\"https:\\\/\\\/moeb.ca\\\/en\\\/\",\"name\":\"Mus\u00e9e des ondes Emile Berliner\",\"description\":\"Diffuser le patrimoine associ\u00e9 \u00e0 l&#039;histoire de l\u2019industrie des ondes sonores\",\"publisher\":{\"@id\":\"https:\\\/\\\/moeb.ca\\\/en\\\/#organization\"},\"potentialAction\":[{\"@type\":\"SearchAction\",\"target\":{\"@type\":\"EntryPoint\",\"urlTemplate\":\"https:\\\/\\\/moeb.ca\\\/en\\\/?s={search_term_string}\"},\"query-input\":{\"@type\":\"PropertyValueSpecification\",\"valueRequired\":true,\"valueName\":\"search_term_string\"}}],\"inLanguage\":\"en-US\"},{\"@type\":\"Organization\",\"@id\":\"https:\\\/\\\/moeb.ca\\\/en\\\/#organization\",\"name\":\"Mus\u00e9e des Ondes Emile Berliner\",\"url\":\"https:\\\/\\\/moeb.ca\\\/en\\\/\",\"logo\":{\"@type\":\"ImageObject\",\"inLanguage\":\"en-US\",\"@id\":\"https:\\\/\\\/moeb.ca\\\/en\\\/#\\\/schema\\\/logo\\\/image\\\/\",\"url\":\"https:\\\/\\\/moeb.ca\\\/wp-content\\\/uploads\\\/2020\\\/08\\\/moeb-logo.jpg\",\"contentUrl\":\"https:\\\/\\\/moeb.ca\\\/wp-content\\\/uploads\\\/2020\\\/08\\\/moeb-logo.jpg\",\"width\":225,\"height\":120,\"caption\":\"Mus\u00e9e des Ondes Emile Berliner\"},\"image\":{\"@id\":\"https:\\\/\\\/moeb.ca\\\/en\\\/#\\\/schema\\\/logo\\\/image\\\/\"},\"sameAs\":[\"https:\\\/\\\/www.facebook.com\\\/Mus\u00e9e-des-ondes-Emile-Berliner-368583116562909\\\/\"]}]}<\/script>\n<!-- \/ Yoast SEO plugin. -->","yoast_head_json":{"title":"The Volunteers - Mus\u00e9e des ondes Emile Berliner","robots":{"index":"index","follow":"follow","max-snippet":"max-snippet:-1","max-image-preview":"max-image-preview:large","max-video-preview":"max-video-preview:-1"},"canonical":"https:\/\/moeb.ca\/en\/the-volunteers\/","og_locale":"en_US","og_type":"article","og_title":"The Volunteers - Mus\u00e9e des ondes Emile Berliner","og_description":"We host volunteer events such as conferences and workshops. Without the dedication of our many volunteers, the Mus\u00e9e des ondes Emile Berliner would be unable to offer its full range of services to the public. Our volunteer guides play a crucial role in providing visitors with engaging and informative tours of the exhibitions. Additionally, thanks [&hellip;]","og_url":"https:\/\/moeb.ca\/en\/the-volunteers\/","og_site_name":"Mus\u00e9e des ondes Emile Berliner","article_publisher":"https:\/\/www.facebook.com\/Mus%c3%a9e-des-ondes-Emile-Berliner-368583116562909\/","article_modified_time":"2024-11-14T19:20:10+00:00","og_image":[{"url":"https:\/\/moeb.ca\/wp-content\/uploads\/2024\/11\/benevoles-volunterrs.jpg","type":"","width":"","height":""}],"twitter_card":"summary_large_image","twitter_misc":{"Est. reading time":"1 minute"},"schema":{"@context":"https:\/\/schema.org","@graph":[{"@type":"WebPage","@id":"https:\/\/moeb.ca\/en\/the-volunteers\/","url":"https:\/\/moeb.ca\/en\/the-volunteers\/","name":"The Volunteers - Mus\u00e9e des ondes Emile Berliner","isPartOf":{"@id":"https:\/\/moeb.ca\/en\/#website"},"primaryImageOfPage":{"@id":"https:\/\/moeb.ca\/en\/the-volunteers\/#primaryimage"},"image":{"@id":"https:\/\/moeb.ca\/en\/the-volunteers\/#primaryimage"},"thumbnailUrl":"https:\/\/moeb.ca\/wp-content\/uploads\/2024\/11\/benevoles-volunterrs.jpg","datePublished":"2021-07-09T16:51:33+00:00","dateModified":"2024-11-14T19:20:10+00:00","breadcrumb":{"@id":"https:\/\/moeb.ca\/en\/the-volunteers\/#breadcrumb"},"inLanguage":"en-US","potentialAction":[{"@type":"ReadAction","target":["https:\/\/moeb.ca\/en\/the-volunteers\/"]}]},{"@type":"ImageObject","inLanguage":"en-US","@id":"https:\/\/moeb.ca\/en\/the-volunteers\/#primaryimage","url":"https:\/\/moeb.ca\/wp-content\/uploads\/2024\/11\/benevoles-volunterrs.jpg","contentUrl":"https:\/\/moeb.ca\/wp-content\/uploads\/2024\/11\/benevoles-volunterrs.jpg"},{"@type":"BreadcrumbList","@id":"https:\/\/moeb.ca\/en\/the-volunteers\/#breadcrumb","itemListElement":[{"@type":"ListItem","position":1,"name":"Home","item":"https:\/\/moeb.ca\/en\/"},{"@type":"ListItem","position":2,"name":"The Museum \u00bb The Volunteers"}]},{"@type":"WebSite","@id":"https:\/\/moeb.ca\/en\/#website","url":"https:\/\/moeb.ca\/en\/","name":"Mus\u00e9e des ondes Emile Berliner","description":"Diffuser le patrimoine associ\u00e9 \u00e0 l&#039;histoire de l\u2019industrie des ondes sonores","publisher":{"@id":"https:\/\/moeb.ca\/en\/#organization"},"potentialAction":[{"@type":"SearchAction","target":{"@type":"EntryPoint","urlTemplate":"https:\/\/moeb.ca\/en\/?s={search_term_string}"},"query-input":{"@type":"PropertyValueSpecification","valueRequired":true,"valueName":"search_term_string"}}],"inLanguage":"en-US"},{"@type":"Organization","@id":"https:\/\/moeb.ca\/en\/#organization","name":"Mus\u00e9e des Ondes Emile Berliner","url":"https:\/\/moeb.ca\/en\/","logo":{"@type":"ImageObject","inLanguage":"en-US","@id":"https:\/\/moeb.ca\/en\/#\/schema\/logo\/image\/","url":"https:\/\/moeb.ca\/wp-content\/uploads\/2020\/08\/moeb-logo.jpg","contentUrl":"https:\/\/moeb.ca\/wp-content\/uploads\/2020\/08\/moeb-logo.jpg","width":225,"height":120,"caption":"Mus\u00e9e des Ondes Emile Berliner"},"image":{"@id":"https:\/\/moeb.ca\/en\/#\/schema\/logo\/image\/"},"sameAs":["https:\/\/www.facebook.com\/Mus\u00e9e-des-ondes-Emile-Berliner-368583116562909\/"]}]}},"_links":{"self":[{"href":"https:\/\/moeb.ca\/en\/wp-json\/wp\/v2\/pages\/1370","targetHints":{"allow":["GET"]}}],"collection":[{"href":"https:\/\/moeb.ca\/en\/wp-json\/wp\/v2\/pages"}],"about":[{"href":"https:\/\/moeb.ca\/en\/wp-json\/wp\/v2\/types\/page"}],"author":[{"embeddable":true,"href":"https:\/\/moeb.ca\/en\/wp-json\/wp\/v2\/users\/1"}],"replies":[{"embeddable":true,"href":"https:\/\/moeb.ca\/en\/wp-json\/wp\/v2\/comments?post=1370"}],"version-history":[{"count":0,"href":"https:\/\/moeb.ca\/en\/wp-json\/wp\/v2\/pages\/1370\/revisions"}],"wp:attachment":[{"href":"https:\/\/moeb.ca\/en\/wp-json\/wp\/v2\/media?parent=1370"}],"curies":[{"name":"wp","href":"https:\/\/api.w.org\/{rel}","templated":true}]}}