{"id":164,"date":"2014-12-14T10:36:08","date_gmt":"2014-12-14T15:36:08","guid":{"rendered":"https:\/\/devel.moeb.ca\/the-museum\/"},"modified":"2025-02-28T12:01:13","modified_gmt":"2025-02-28T17:01:13","slug":"about-the-museum","status":"publish","type":"page","link":"https:\/\/moeb.ca\/en\/about-the-museum\/","title":{"rendered":"About The Museum"},"content":{"rendered":"\n<h2>\n\t\tMission of the Mus\u00e9e des ondes Emile Berliner\n\t<\/h2>\n\t\t\t\t<img decoding=\"async\" src=\"https:\/\/moeb.ca\/wp-content\/uploads\/2021\/07\/entree-du-musee-moeb.jpg\" alt=\"Entrance to the museum MOEB\" itemprop=\"image\" height=\"600\" width=\"800\" title=\"entrance-museum-moeb\" onerror=\"this.style.display='none'\"  \/>\n\t<p>The mission of the Museum is to communicate the history of the recording, reproduction and broadcasting of sound and electromagnetic waves. It highlights the role of inventor Emile Berliner and his descendants, as well as the role of Montreal companies associated with the technological and cultural revolution of the 20th century.<\/p>\n<p>&nbsp;<\/p>\n<h2>\n\t\tHistory\n\t<\/h2>\n\t\t\t\t<img decoding=\"async\" src=\"https:\/\/moeb.ca\/wp-content\/uploads\/2021\/07\/Jean-Belisle.jpg\" alt=\"Jean B\u00e9lisle Museum Co-founder\" itemprop=\"image\" height=\"420\" width=\"560\" title=\"Jean-Belisle\" onerror=\"this.style.display='none'\"  \/>\nCo-founder of the Emile Berliner Mus\u00e9e des Ondes, Jean B\u00e9lisle poses next to a 1902 gramophone at the museum in Montreal, Wednesday, Aug. 16, 2017.<br \/>\nPHOTO BY GRAHAM HUGHES \/THE CANADIAN PRESS\n\t<p>The Mus\u00e9e des ondes Emile Berliner was incorporated in 1992. The five founding members immediately started looking for a place to house the museum. Emile Berliner&#8217;s manufacturing site, the old RCA building in St. Henri (Montreal) was the obvious choice and became the first major partner of the Museum by agreeing to host an entire segment of the Museum&#8217;s history for free . The Mandate of the museum was and is to collect, study and display the history of the audio industry from a technological, scientific and cultural point of view. The dynamism and dedication of the Museum&#8217;s team of volunteers has ensured the realization of many exhibitions from the very beginning.<\/p>\n<p>Four years after the founding, in 1996, the Museum officially opened to the public with its first exhibition: &#8220;From the Gramophone to the Satellite&#8221;. Since then, the Museum has mounted a new exhibition every year. In addition the Museum has expanded its initiatives, including writing a collecting policy and starting a newsletter for members. Today, the Emile Berliner Mus\u00e9e des Ondes turns an important page in its history as it is about to acquire the tools necessary for the full accomplishment of its mission.<\/p>\n<p>Soon, the institution will expand its exhibit space bringing its to international standards. Studio VICTOR (which resides in the same building) a state of the art studio dating from the 1940s, will also be integrated into the Mus\u00e9e. The Museum will then be positioned as an important cultural and scientific center in Canada and an absolute must see in Saint-Henri.<\/p>\n<h2>\n\t\tMus\u00e9e des ondes Emile Berliner &#8220;Le club des vieilles lampes&#8221; \n\t<\/h2>\n\t\t\t\t<a href=\"https:\/\/moeb.ca\/wp-content\/uploads\/2021\/07\/Le-groupe-CDVL.jpg\"  target=\"_self\" itemprop=\"url\">\n\t\t\t\t<img decoding=\"async\" src=\"https:\/\/moeb.ca\/wp-content\/uploads\/2021\/07\/Le-groupe-CDVL.jpg\" alt=\"Groupe du Club des vieilles lampes\" itemprop=\"image\" height=\"720\" width=\"1080\" title=\"Le-groupe-CDVL\" onerror=\"this.style.display='none'\"  \/>\n\t\t\t\t<\/a>\n\t<p>Here is an informal group of friends and volunteers united by a shared passion for Mus\u00e9e des ondes Emile Berliner artifacts. They have the expertise to classify, study, evaluate, and sometimes even repair these objects. Typically, our members are retirees who bring a wealth of professional experience, including backgrounds as technicians, teachers, designers, historians, or simply avid collectors. They generally meet on Wednesdays for lunch at the Museum&#8217;s reserve.<\/p>\n<p>The term &#8220;Le club des vieilles lampes&#8221; was coined by Pierre Valiquette and R\u00e9mi Glorieux to affectionately describe this enthusiastic group!<\/p>\n\n","protected":false},"excerpt":{"rendered":"<p>Mission of the Mus\u00e9e des ondes Emile Berliner The mission of the Museum is to communicate the history of the recording, reproduction and broadcasting of sound and electromagnetic waves. It highlights the role of inventor Emile Berliner and his descendants, as well as the role of Montreal companies associated with the technological and cultural revolution [&hellip;]<\/p>\n","protected":false},"author":1,"featured_media":159,"parent":0,"menu_order":0,"comment_status":"closed","ping_status":"closed","template":"","meta":{"_acf_changed":false,"_genesis_hide_title":false,"_genesis_hide_breadcrumbs":false,"_genesis_hide_singular_image":false,"_genesis_hide_footer_widgets":false,"_genesis_custom_body_class":"","_genesis_custom_post_class":"","_genesis_layout":"","ngg_post_thumbnail":0,"footnotes":""},"class_list":{"0":"post-164","1":"page","2":"type-page","3":"status-publish","4":"has-post-thumbnail","6":"entry"},"acf":[],"yoast_head":"<!-- This site is optimized with the Yoast SEO plugin v27.4 - https:\/\/yoast.com\/product\/yoast-seo-wordpress\/ -->\n<title>About The Museum - Mus\u00e9e des ondes Emile Berliner<\/title>\n<meta name=\"robots\" content=\"index, follow, max-snippet:-1, max-image-preview:large, max-video-preview:-1\" \/>\n<link rel=\"canonical\" href=\"https:\/\/moeb.ca\/en\/about-the-museum\/\" \/>\n<meta property=\"og:locale\" content=\"en_US\" \/>\n<meta property=\"og:type\" content=\"article\" \/>\n<meta property=\"og:title\" content=\"About The Museum - Mus\u00e9e des ondes Emile Berliner\" \/>\n<meta property=\"og:description\" content=\"Mission of the Mus\u00e9e des ondes Emile Berliner The mission of the Museum is to communicate the history of the recording, reproduction and broadcasting of sound and electromagnetic waves. It highlights the role of inventor Emile Berliner and his descendants, as well as the role of Montreal companies associated with the technological and cultural revolution [&hellip;]\" \/>\n<meta property=\"og:url\" content=\"https:\/\/moeb.ca\/en\/about-the-museum\/\" \/>\n<meta property=\"og:site_name\" content=\"Mus\u00e9e des ondes Emile Berliner\" \/>\n<meta property=\"article:publisher\" content=\"https:\/\/www.facebook.com\/Mus%c3%a9e-des-ondes-Emile-Berliner-368583116562909\/\" \/>\n<meta property=\"article:modified_time\" content=\"2025-02-28T17:01:13+00:00\" \/>\n<meta property=\"og:image\" content=\"https:\/\/moeb.ca\/wp-content\/uploads\/2014\/12\/mission-du-musee.jpg\" \/>\n\t<meta property=\"og:image:width\" content=\"360\" \/>\n\t<meta property=\"og:image:height\" content=\"170\" \/>\n\t<meta property=\"og:image:type\" content=\"image\/jpeg\" \/>\n<meta name=\"twitter:card\" content=\"summary_large_image\" \/>\n<meta name=\"twitter:label1\" content=\"Est. reading time\" \/>\n\t<meta name=\"twitter:data1\" content=\"2 minutes\" \/>\n<script type=\"application\/ld+json\" class=\"yoast-schema-graph\">{\"@context\":\"https:\\\/\\\/schema.org\",\"@graph\":[{\"@type\":\"WebPage\",\"@id\":\"https:\\\/\\\/moeb.ca\\\/en\\\/about-the-museum\\\/\",\"url\":\"https:\\\/\\\/moeb.ca\\\/en\\\/about-the-museum\\\/\",\"name\":\"About The Museum - Mus\u00e9e des ondes Emile Berliner\",\"isPartOf\":{\"@id\":\"https:\\\/\\\/moeb.ca\\\/en\\\/#website\"},\"primaryImageOfPage\":{\"@id\":\"https:\\\/\\\/moeb.ca\\\/en\\\/about-the-museum\\\/#primaryimage\"},\"image\":{\"@id\":\"https:\\\/\\\/moeb.ca\\\/en\\\/about-the-museum\\\/#primaryimage\"},\"thumbnailUrl\":\"https:\\\/\\\/moeb.ca\\\/wp-content\\\/uploads\\\/2014\\\/12\\\/mission-du-musee.jpg\",\"datePublished\":\"2014-12-14T15:36:08+00:00\",\"dateModified\":\"2025-02-28T17:01:13+00:00\",\"breadcrumb\":{\"@id\":\"https:\\\/\\\/moeb.ca\\\/en\\\/about-the-museum\\\/#breadcrumb\"},\"inLanguage\":\"en-US\",\"potentialAction\":[{\"@type\":\"ReadAction\",\"target\":[\"https:\\\/\\\/moeb.ca\\\/en\\\/about-the-museum\\\/\"]}]},{\"@type\":\"ImageObject\",\"inLanguage\":\"en-US\",\"@id\":\"https:\\\/\\\/moeb.ca\\\/en\\\/about-the-museum\\\/#primaryimage\",\"url\":\"https:\\\/\\\/moeb.ca\\\/wp-content\\\/uploads\\\/2014\\\/12\\\/mission-du-musee.jpg\",\"contentUrl\":\"https:\\\/\\\/moeb.ca\\\/wp-content\\\/uploads\\\/2014\\\/12\\\/mission-du-musee.jpg\",\"width\":360,\"height\":170,\"caption\":\"Mission\"},{\"@type\":\"BreadcrumbList\",\"@id\":\"https:\\\/\\\/moeb.ca\\\/en\\\/about-the-museum\\\/#breadcrumb\",\"itemListElement\":[{\"@type\":\"ListItem\",\"position\":1,\"name\":\"Home\",\"item\":\"https:\\\/\\\/moeb.ca\\\/en\\\/\"},{\"@type\":\"ListItem\",\"position\":2,\"name\":\"The Museum \u00bb About the Museum\"}]},{\"@type\":\"WebSite\",\"@id\":\"https:\\\/\\\/moeb.ca\\\/en\\\/#website\",\"url\":\"https:\\\/\\\/moeb.ca\\\/en\\\/\",\"name\":\"Mus\u00e9e des ondes Emile Berliner\",\"description\":\"Diffuser le patrimoine associ\u00e9 \u00e0 l&#039;histoire de l\u2019industrie des ondes sonores\",\"publisher\":{\"@id\":\"https:\\\/\\\/moeb.ca\\\/en\\\/#organization\"},\"potentialAction\":[{\"@type\":\"SearchAction\",\"target\":{\"@type\":\"EntryPoint\",\"urlTemplate\":\"https:\\\/\\\/moeb.ca\\\/en\\\/?s={search_term_string}\"},\"query-input\":{\"@type\":\"PropertyValueSpecification\",\"valueRequired\":true,\"valueName\":\"search_term_string\"}}],\"inLanguage\":\"en-US\"},{\"@type\":\"Organization\",\"@id\":\"https:\\\/\\\/moeb.ca\\\/en\\\/#organization\",\"name\":\"Mus\u00e9e des Ondes Emile Berliner\",\"url\":\"https:\\\/\\\/moeb.ca\\\/en\\\/\",\"logo\":{\"@type\":\"ImageObject\",\"inLanguage\":\"en-US\",\"@id\":\"https:\\\/\\\/moeb.ca\\\/en\\\/#\\\/schema\\\/logo\\\/image\\\/\",\"url\":\"https:\\\/\\\/moeb.ca\\\/wp-content\\\/uploads\\\/2020\\\/08\\\/moeb-logo.jpg\",\"contentUrl\":\"https:\\\/\\\/moeb.ca\\\/wp-content\\\/uploads\\\/2020\\\/08\\\/moeb-logo.jpg\",\"width\":225,\"height\":120,\"caption\":\"Mus\u00e9e des Ondes Emile Berliner\"},\"image\":{\"@id\":\"https:\\\/\\\/moeb.ca\\\/en\\\/#\\\/schema\\\/logo\\\/image\\\/\"},\"sameAs\":[\"https:\\\/\\\/www.facebook.com\\\/Mus\u00e9e-des-ondes-Emile-Berliner-368583116562909\\\/\"]}]}<\/script>\n<!-- \/ Yoast SEO plugin. -->","yoast_head_json":{"title":"About The Museum - Mus\u00e9e des ondes Emile Berliner","robots":{"index":"index","follow":"follow","max-snippet":"max-snippet:-1","max-image-preview":"max-image-preview:large","max-video-preview":"max-video-preview:-1"},"canonical":"https:\/\/moeb.ca\/en\/about-the-museum\/","og_locale":"en_US","og_type":"article","og_title":"About The Museum - Mus\u00e9e des ondes Emile Berliner","og_description":"Mission of the Mus\u00e9e des ondes Emile Berliner The mission of the Museum is to communicate the history of the recording, reproduction and broadcasting of sound and electromagnetic waves. It highlights the role of inventor Emile Berliner and his descendants, as well as the role of Montreal companies associated with the technological and cultural revolution [&hellip;]","og_url":"https:\/\/moeb.ca\/en\/about-the-museum\/","og_site_name":"Mus\u00e9e des ondes Emile Berliner","article_publisher":"https:\/\/www.facebook.com\/Mus%c3%a9e-des-ondes-Emile-Berliner-368583116562909\/","article_modified_time":"2025-02-28T17:01:13+00:00","og_image":[{"width":360,"height":170,"url":"https:\/\/moeb.ca\/wp-content\/uploads\/2014\/12\/mission-du-musee.jpg","type":"image\/jpeg"}],"twitter_card":"summary_large_image","twitter_misc":{"Est. reading time":"2 minutes"},"schema":{"@context":"https:\/\/schema.org","@graph":[{"@type":"WebPage","@id":"https:\/\/moeb.ca\/en\/about-the-museum\/","url":"https:\/\/moeb.ca\/en\/about-the-museum\/","name":"About The Museum - Mus\u00e9e des ondes Emile Berliner","isPartOf":{"@id":"https:\/\/moeb.ca\/en\/#website"},"primaryImageOfPage":{"@id":"https:\/\/moeb.ca\/en\/about-the-museum\/#primaryimage"},"image":{"@id":"https:\/\/moeb.ca\/en\/about-the-museum\/#primaryimage"},"thumbnailUrl":"https:\/\/moeb.ca\/wp-content\/uploads\/2014\/12\/mission-du-musee.jpg","datePublished":"2014-12-14T15:36:08+00:00","dateModified":"2025-02-28T17:01:13+00:00","breadcrumb":{"@id":"https:\/\/moeb.ca\/en\/about-the-museum\/#breadcrumb"},"inLanguage":"en-US","potentialAction":[{"@type":"ReadAction","target":["https:\/\/moeb.ca\/en\/about-the-museum\/"]}]},{"@type":"ImageObject","inLanguage":"en-US","@id":"https:\/\/moeb.ca\/en\/about-the-museum\/#primaryimage","url":"https:\/\/moeb.ca\/wp-content\/uploads\/2014\/12\/mission-du-musee.jpg","contentUrl":"https:\/\/moeb.ca\/wp-content\/uploads\/2014\/12\/mission-du-musee.jpg","width":360,"height":170,"caption":"Mission"},{"@type":"BreadcrumbList","@id":"https:\/\/moeb.ca\/en\/about-the-museum\/#breadcrumb","itemListElement":[{"@type":"ListItem","position":1,"name":"Home","item":"https:\/\/moeb.ca\/en\/"},{"@type":"ListItem","position":2,"name":"The Museum \u00bb About the Museum"}]},{"@type":"WebSite","@id":"https:\/\/moeb.ca\/en\/#website","url":"https:\/\/moeb.ca\/en\/","name":"Mus\u00e9e des ondes Emile Berliner","description":"Diffuser le patrimoine associ\u00e9 \u00e0 l&#039;histoire de l\u2019industrie des ondes sonores","publisher":{"@id":"https:\/\/moeb.ca\/en\/#organization"},"potentialAction":[{"@type":"SearchAction","target":{"@type":"EntryPoint","urlTemplate":"https:\/\/moeb.ca\/en\/?s={search_term_string}"},"query-input":{"@type":"PropertyValueSpecification","valueRequired":true,"valueName":"search_term_string"}}],"inLanguage":"en-US"},{"@type":"Organization","@id":"https:\/\/moeb.ca\/en\/#organization","name":"Mus\u00e9e des Ondes Emile Berliner","url":"https:\/\/moeb.ca\/en\/","logo":{"@type":"ImageObject","inLanguage":"en-US","@id":"https:\/\/moeb.ca\/en\/#\/schema\/logo\/image\/","url":"https:\/\/moeb.ca\/wp-content\/uploads\/2020\/08\/moeb-logo.jpg","contentUrl":"https:\/\/moeb.ca\/wp-content\/uploads\/2020\/08\/moeb-logo.jpg","width":225,"height":120,"caption":"Mus\u00e9e des Ondes Emile Berliner"},"image":{"@id":"https:\/\/moeb.ca\/en\/#\/schema\/logo\/image\/"},"sameAs":["https:\/\/www.facebook.com\/Mus\u00e9e-des-ondes-Emile-Berliner-368583116562909\/"]}]}},"_links":{"self":[{"href":"https:\/\/moeb.ca\/en\/wp-json\/wp\/v2\/pages\/164","targetHints":{"allow":["GET"]}}],"collection":[{"href":"https:\/\/moeb.ca\/en\/wp-json\/wp\/v2\/pages"}],"about":[{"href":"https:\/\/moeb.ca\/en\/wp-json\/wp\/v2\/types\/page"}],"author":[{"embeddable":true,"href":"https:\/\/moeb.ca\/en\/wp-json\/wp\/v2\/users\/1"}],"replies":[{"embeddable":true,"href":"https:\/\/moeb.ca\/en\/wp-json\/wp\/v2\/comments?post=164"}],"version-history":[{"count":0,"href":"https:\/\/moeb.ca\/en\/wp-json\/wp\/v2\/pages\/164\/revisions"}],"wp:featuredmedia":[{"embeddable":true,"href":"https:\/\/moeb.ca\/en\/wp-json\/wp\/v2\/media\/159"}],"wp:attachment":[{"href":"https:\/\/moeb.ca\/en\/wp-json\/wp\/v2\/media?parent=164"}],"curies":[{"name":"wp","href":"https:\/\/api.w.org\/{rel}","templated":true}]}}