{"id":173,"date":"2014-05-15T11:45:40","date_gmt":"2014-05-15T15:45:40","guid":{"rendered":"https:\/\/devel.moeb.ca\/home-page\/"},"modified":"2026-03-27T09:23:45","modified_gmt":"2026-03-27T13:23:45","slug":"home-page","status":"publish","type":"page","link":"https:\/\/moeb.ca\/en\/","title":{"rendered":"Mus\u00e9e des ondes Emile Berliner"},"content":{"rendered":"\n\n\tAttention: The Mus\u00e9e des ondes Emile Berliner is temporarily closed to visitors.<br \/>\nWe will be back soon.<br \/>\nThank you for your understanding.<br \/>\nThe museum team.\n<figure itemscope itemtype=\"https:\/\/schema.org\/ImageObject\">\n\t\t\t\t<a href=\"https:\/\/moeb.ca\/en\/exhibitions\/magic-of-waves\/\"  target=\"_self\" itemprop=\"url\">\n\t\t\t\t<img decoding=\"async\" src=\"https:\/\/moeb.ca\/wp-content\/uploads\/2021\/04\/Gramophone-Model-A-plus-Nipper.jpg\" alt=\"Gramophone Model A plus Nipper the dog\" height=\"1200\" width=\"1600\" title=\"Gramophone-Model-A-plus-Nipper\" onerror=\"this.style.display='none'\" loading=\"lazy\" \/>\n\t\t\t\t<\/a>\n\t\t<figcaption>Magic of Waves in Saint-Henri<\/figcaption>\n\t<\/figure>\n<h2>\n\t\t<a href=\"https:\/\/moeb.ca\/en\/educational-program\/\" title=\"Educational Program\"  target=\"_self\">\n\t\t\tEducational Program\t\t<\/a>\n\t<\/h2>\n<figure itemscope itemtype=\"https:\/\/schema.org\/ImageObject\">\n\t\t\t\t<a href=\"https:\/\/moeb.ca\/en\/educational-program\/\"  target=\"_self\" itemprop=\"url\">\n\t\t\t\t<img decoding=\"async\" src=\"https:\/\/moeb.ca\/wp-content\/uploads\/2023\/09\/programme-educatif1.jpg\" alt=\"Educational Program\" height=\"640\" width=\"850\" title=\"educational-program1\" onerror=\"this.style.display='none'\" loading=\"lazy\" \/>\n\t\t\t\t<\/a>\n\t<\/figure>\n\t\t<h2><a href=\"https:\/\/moeb.ca\/en\/reservation\/\" target=\"_self\">Buy Tickets<\/a><\/h2><p><strong>Plan your visit and purchase tickets in advance<\/strong><\/p>\n<a href=\"https:\/\/moeb.ca\/en\/reservation\/\"  target=\"_self\">Click here<\/a>\t\n<h2>\n\t\t\tVisit Our Virtual Content\t<\/h2>\n\t<p><a href=\"https:\/\/timelines.moeb.ca\/berliner\/\" target=\"_blank\" rel=\"noopener\"><img decoding=\"async\" src=\"https:\/\/moeb.ca\/wp-content\/uploads\/2022\/06\/hsb-timeline-en.png\" alt=\"Visit our interactive timeline\" width=\"360\" height=\"200\" \/><\/a><\/p>\n<p><a href=\"https:\/\/timelines.moeb.ca\/radio100\/embed\/en\/#event-centenaire-de-la-radiodiffusion-au-canada\" target=\"_blank\" rel=\"noopener\"><img decoding=\"async\" src=\"https:\/\/moeb.ca\/wp-content\/uploads\/2022\/06\/radio100-timeline-en.png\" alt=\"Centenial of broadcasting in Canada timeline\" width=\"360\" height=\"200\" \/><\/a><\/p>\n<p><a href=\"https:\/\/moeb.ca\/en\/hsrm\/\"><img decoding=\"async\" src=\"https:\/\/moeb.ca\/wp-content\/uploads\/2022\/02\/History-of-sound-recording.jpg\" alt=\"History of sound recording in Montreal\" width=\"1280\" height=\"720\" \/><\/a><\/p>\n<p><a href=\"https:\/\/www.communitystories.ca\/v2\/radio-chez-nous-canada_radio-at-home\/\" target=\"_blank\"><img decoding=\"async\" src=\"https:\/\/moeb.ca\/wp-content\/uploads\/2024\/04\/radio-at-home-en.jpg\" alt=\"Radio at home in Canada\" width=\"1090\" height=\"613\" \/><\/a><\/p>\n<p><a href=\"https:\/\/www.librarycat.org\/lib\/MOEBiblio\" target=\"_blank\" rel=\"noopener\"><img decoding=\"async\" src=\"https:\/\/moeb.ca\/wp-content\/uploads\/2022\/06\/catalogue-lib-en.png\" alt=\"Tracy, Todd, &amp; Oliver Berliner Library\" width=\"360\" height=\"200\" \/><\/a><\/p>\n<h3>\n\t\t<a href=\"https:\/\/moeb.ca\/en\/audio-application-for-exhibitions-at-the-musee-des-ondes-emile-berliner\/\" title=\"Audio Application for Exhibitions at the Mus\u00e9e des ondes Emile Berliner\"  target=\"_self\">\n\t\t\tAudio Application for Exhibitions at the Mus\u00e9e des ondes Emile Berliner\t\t<\/a>\n\t<\/h3>\n\n","protected":false},"excerpt":{"rendered":"<p>Attention: The Mus\u00e9e des ondes Emile Berliner is temporarily closed to visitors. We will be back soon. Thank you for your understanding. The museum team. Magic of Waves in Saint-Henri Educational Program Buy Tickets Plan your visit and purchase tickets in advance Click here Visit Our Virtual Content Audio Application for Exhibitions at the Mus\u00e9e [&hellip;]<\/p>\n","protected":false},"author":1,"featured_media":0,"parent":0,"menu_order":0,"comment_status":"closed","ping_status":"closed","template":"","meta":{"_acf_changed":false,"_genesis_hide_title":false,"_genesis_hide_breadcrumbs":false,"_genesis_hide_singular_image":false,"_genesis_hide_footer_widgets":false,"_genesis_custom_body_class":"","_genesis_custom_post_class":"","_genesis_layout":"","ngg_post_thumbnail":0,"footnotes":""},"class_list":{"0":"post-173","1":"page","2":"type-page","3":"status-publish","5":"entry"},"acf":[],"yoast_head":"<!-- This site is optimized with the Yoast SEO plugin v27.3 - https:\/\/yoast.com\/product\/yoast-seo-wordpress\/ -->\n<title>Mus\u00e9e des ondes Emile Berliner - Mus\u00e9e des ondes Emile Berliner<\/title>\n<meta name=\"robots\" content=\"index, follow, max-snippet:-1, max-image-preview:large, max-video-preview:-1\" \/>\n<link rel=\"canonical\" href=\"https:\/\/moeb.ca\/en\/\" \/>\n<meta property=\"og:locale\" content=\"en_US\" \/>\n<meta property=\"og:type\" content=\"article\" \/>\n<meta property=\"og:title\" content=\"Mus\u00e9e des ondes Emile Berliner\" \/>\n<meta property=\"og:description\" content=\"The mission of the Museum is to communicate the history of the recording, reproduction and broadcasting of sound and electromagnetic waves.\" \/>\n<meta property=\"og:url\" content=\"https:\/\/moeb.ca\/en\/\" \/>\n<meta property=\"og:site_name\" content=\"Mus\u00e9e des ondes Emile Berliner\" \/>\n<meta property=\"article:publisher\" content=\"https:\/\/www.facebook.com\/Mus%c3%a9e-des-ondes-Emile-Berliner-368583116562909\/\" \/>\n<meta property=\"article:modified_time\" content=\"2026-03-27T13:23:45+00:00\" \/>\n<meta property=\"og:image\" content=\"https:\/\/moeb.ca\/wp-content\/uploads\/2022\/06\/hsb-compo_media-soc1.jpg\" \/>\n\t<meta property=\"og:image:width\" content=\"1000\" \/>\n\t<meta property=\"og:image:height\" content=\"509\" \/>\n\t<meta property=\"og:image:type\" content=\"image\/jpeg\" \/>\n<meta name=\"twitter:card\" content=\"summary_large_image\" \/>\n<meta name=\"twitter:title\" content=\"Mus\u00e9e des ondes Emile Berliner\" \/>\n<meta name=\"twitter:description\" content=\"The mission of the Museum is to communicate the history of the recording, reproduction and broadcasting of sound and electromagnetic waves.\" \/>\n<meta name=\"twitter:image\" content=\"https:\/\/moeb.ca\/wp-content\/uploads\/2022\/06\/hsb-compo_media-soc1.jpg\" \/>\n<script type=\"application\/ld+json\" class=\"yoast-schema-graph\">{\"@context\":\"https:\\\/\\\/schema.org\",\"@graph\":[{\"@type\":\"WebPage\",\"@id\":\"https:\\\/\\\/moeb.ca\\\/en\\\/\",\"url\":\"https:\\\/\\\/moeb.ca\\\/en\\\/\",\"name\":\"Mus\u00e9e des ondes Emile Berliner - Mus\u00e9e des ondes Emile Berliner\",\"isPartOf\":{\"@id\":\"https:\\\/\\\/moeb.ca\\\/en\\\/#website\"},\"primaryImageOfPage\":{\"@id\":\"https:\\\/\\\/moeb.ca\\\/en\\\/#primaryimage\"},\"image\":{\"@id\":\"https:\\\/\\\/moeb.ca\\\/en\\\/#primaryimage\"},\"thumbnailUrl\":\"https:\\\/\\\/moeb.ca\\\/wp-content\\\/uploads\\\/2021\\\/04\\\/Gramophone-Model-A-plus-Nipper.jpg\",\"datePublished\":\"2014-05-15T15:45:40+00:00\",\"dateModified\":\"2026-03-27T13:23:45+00:00\",\"breadcrumb\":{\"@id\":\"https:\\\/\\\/moeb.ca\\\/en\\\/#breadcrumb\"},\"inLanguage\":\"en-US\",\"potentialAction\":[{\"@type\":\"ReadAction\",\"target\":[\"https:\\\/\\\/moeb.ca\\\/en\\\/\"]}]},{\"@type\":\"ImageObject\",\"inLanguage\":\"en-US\",\"@id\":\"https:\\\/\\\/moeb.ca\\\/en\\\/#primaryimage\",\"url\":\"https:\\\/\\\/moeb.ca\\\/wp-content\\\/uploads\\\/2021\\\/04\\\/Gramophone-Model-A-plus-Nipper.jpg\",\"contentUrl\":\"https:\\\/\\\/moeb.ca\\\/wp-content\\\/uploads\\\/2021\\\/04\\\/Gramophone-Model-A-plus-Nipper.jpg\"},{\"@type\":\"BreadcrumbList\",\"@id\":\"https:\\\/\\\/moeb.ca\\\/en\\\/#breadcrumb\",\"itemListElement\":[{\"@type\":\"ListItem\",\"position\":1,\"name\":\"Home\",\"item\":\"https:\\\/\\\/moeb.ca\\\/en\\\/\"},{\"@type\":\"ListItem\",\"position\":2,\"name\":\"Mus\u00e9e des ondes Emile Berliner\"}]},{\"@type\":\"WebSite\",\"@id\":\"https:\\\/\\\/moeb.ca\\\/en\\\/#website\",\"url\":\"https:\\\/\\\/moeb.ca\\\/en\\\/\",\"name\":\"Mus\u00e9e des ondes Emile Berliner\",\"description\":\"Diffuser le patrimoine associ\u00e9 \u00e0 l&#039;histoire de l\u2019industrie des ondes sonores\",\"publisher\":{\"@id\":\"https:\\\/\\\/moeb.ca\\\/en\\\/#organization\"},\"potentialAction\":[{\"@type\":\"SearchAction\",\"target\":{\"@type\":\"EntryPoint\",\"urlTemplate\":\"https:\\\/\\\/moeb.ca\\\/en\\\/?s={search_term_string}\"},\"query-input\":{\"@type\":\"PropertyValueSpecification\",\"valueRequired\":true,\"valueName\":\"search_term_string\"}}],\"inLanguage\":\"en-US\"},{\"@type\":\"Organization\",\"@id\":\"https:\\\/\\\/moeb.ca\\\/en\\\/#organization\",\"name\":\"Mus\u00e9e des Ondes Emile Berliner\",\"url\":\"https:\\\/\\\/moeb.ca\\\/en\\\/\",\"logo\":{\"@type\":\"ImageObject\",\"inLanguage\":\"en-US\",\"@id\":\"https:\\\/\\\/moeb.ca\\\/en\\\/#\\\/schema\\\/logo\\\/image\\\/\",\"url\":\"https:\\\/\\\/moeb.ca\\\/wp-content\\\/uploads\\\/2020\\\/08\\\/moeb-logo.jpg\",\"contentUrl\":\"https:\\\/\\\/moeb.ca\\\/wp-content\\\/uploads\\\/2020\\\/08\\\/moeb-logo.jpg\",\"width\":225,\"height\":120,\"caption\":\"Mus\u00e9e des Ondes Emile Berliner\"},\"image\":{\"@id\":\"https:\\\/\\\/moeb.ca\\\/en\\\/#\\\/schema\\\/logo\\\/image\\\/\"},\"sameAs\":[\"https:\\\/\\\/www.facebook.com\\\/Mus\u00e9e-des-ondes-Emile-Berliner-368583116562909\\\/\"]}]}<\/script>\n<!-- \/ Yoast SEO plugin. -->","yoast_head_json":{"title":"Mus\u00e9e des ondes Emile Berliner - Mus\u00e9e des ondes Emile Berliner","robots":{"index":"index","follow":"follow","max-snippet":"max-snippet:-1","max-image-preview":"max-image-preview:large","max-video-preview":"max-video-preview:-1"},"canonical":"https:\/\/moeb.ca\/en\/","og_locale":"en_US","og_type":"article","og_title":"Mus\u00e9e des ondes Emile Berliner","og_description":"The mission of the Museum is to communicate the history of the recording, reproduction and broadcasting of sound and electromagnetic waves.","og_url":"https:\/\/moeb.ca\/en\/","og_site_name":"Mus\u00e9e des ondes Emile Berliner","article_publisher":"https:\/\/www.facebook.com\/Mus%c3%a9e-des-ondes-Emile-Berliner-368583116562909\/","article_modified_time":"2026-03-27T13:23:45+00:00","og_image":[{"width":1000,"height":509,"url":"https:\/\/moeb.ca\/wp-content\/uploads\/2022\/06\/hsb-compo_media-soc1.jpg","type":"image\/jpeg"}],"twitter_card":"summary_large_image","twitter_title":"Mus\u00e9e des ondes Emile Berliner","twitter_description":"The mission of the Museum is to communicate the history of the recording, reproduction and broadcasting of sound and electromagnetic waves.","twitter_image":"https:\/\/moeb.ca\/wp-content\/uploads\/2022\/06\/hsb-compo_media-soc1.jpg","schema":{"@context":"https:\/\/schema.org","@graph":[{"@type":"WebPage","@id":"https:\/\/moeb.ca\/en\/","url":"https:\/\/moeb.ca\/en\/","name":"Mus\u00e9e des ondes Emile Berliner - Mus\u00e9e des ondes Emile Berliner","isPartOf":{"@id":"https:\/\/moeb.ca\/en\/#website"},"primaryImageOfPage":{"@id":"https:\/\/moeb.ca\/en\/#primaryimage"},"image":{"@id":"https:\/\/moeb.ca\/en\/#primaryimage"},"thumbnailUrl":"https:\/\/moeb.ca\/wp-content\/uploads\/2021\/04\/Gramophone-Model-A-plus-Nipper.jpg","datePublished":"2014-05-15T15:45:40+00:00","dateModified":"2026-03-27T13:23:45+00:00","breadcrumb":{"@id":"https:\/\/moeb.ca\/en\/#breadcrumb"},"inLanguage":"en-US","potentialAction":[{"@type":"ReadAction","target":["https:\/\/moeb.ca\/en\/"]}]},{"@type":"ImageObject","inLanguage":"en-US","@id":"https:\/\/moeb.ca\/en\/#primaryimage","url":"https:\/\/moeb.ca\/wp-content\/uploads\/2021\/04\/Gramophone-Model-A-plus-Nipper.jpg","contentUrl":"https:\/\/moeb.ca\/wp-content\/uploads\/2021\/04\/Gramophone-Model-A-plus-Nipper.jpg"},{"@type":"BreadcrumbList","@id":"https:\/\/moeb.ca\/en\/#breadcrumb","itemListElement":[{"@type":"ListItem","position":1,"name":"Home","item":"https:\/\/moeb.ca\/en\/"},{"@type":"ListItem","position":2,"name":"Mus\u00e9e des ondes Emile Berliner"}]},{"@type":"WebSite","@id":"https:\/\/moeb.ca\/en\/#website","url":"https:\/\/moeb.ca\/en\/","name":"Mus\u00e9e des ondes Emile Berliner","description":"Diffuser le patrimoine associ\u00e9 \u00e0 l&#039;histoire de l\u2019industrie des ondes sonores","publisher":{"@id":"https:\/\/moeb.ca\/en\/#organization"},"potentialAction":[{"@type":"SearchAction","target":{"@type":"EntryPoint","urlTemplate":"https:\/\/moeb.ca\/en\/?s={search_term_string}"},"query-input":{"@type":"PropertyValueSpecification","valueRequired":true,"valueName":"search_term_string"}}],"inLanguage":"en-US"},{"@type":"Organization","@id":"https:\/\/moeb.ca\/en\/#organization","name":"Mus\u00e9e des Ondes Emile Berliner","url":"https:\/\/moeb.ca\/en\/","logo":{"@type":"ImageObject","inLanguage":"en-US","@id":"https:\/\/moeb.ca\/en\/#\/schema\/logo\/image\/","url":"https:\/\/moeb.ca\/wp-content\/uploads\/2020\/08\/moeb-logo.jpg","contentUrl":"https:\/\/moeb.ca\/wp-content\/uploads\/2020\/08\/moeb-logo.jpg","width":225,"height":120,"caption":"Mus\u00e9e des Ondes Emile Berliner"},"image":{"@id":"https:\/\/moeb.ca\/en\/#\/schema\/logo\/image\/"},"sameAs":["https:\/\/www.facebook.com\/Mus\u00e9e-des-ondes-Emile-Berliner-368583116562909\/"]}]}},"_links":{"self":[{"href":"https:\/\/moeb.ca\/en\/wp-json\/wp\/v2\/pages\/173","targetHints":{"allow":["GET"]}}],"collection":[{"href":"https:\/\/moeb.ca\/en\/wp-json\/wp\/v2\/pages"}],"about":[{"href":"https:\/\/moeb.ca\/en\/wp-json\/wp\/v2\/types\/page"}],"author":[{"embeddable":true,"href":"https:\/\/moeb.ca\/en\/wp-json\/wp\/v2\/users\/1"}],"replies":[{"embeddable":true,"href":"https:\/\/moeb.ca\/en\/wp-json\/wp\/v2\/comments?post=173"}],"version-history":[{"count":3,"href":"https:\/\/moeb.ca\/en\/wp-json\/wp\/v2\/pages\/173\/revisions"}],"predecessor-version":[{"id":4065,"href":"https:\/\/moeb.ca\/en\/wp-json\/wp\/v2\/pages\/173\/revisions\/4065"}],"wp:attachment":[{"href":"https:\/\/moeb.ca\/en\/wp-json\/wp\/v2\/media?parent=173"}],"curies":[{"name":"wp","href":"https:\/\/api.w.org\/{rel}","templated":true}]}}