{"id":175,"date":"2014-12-25T11:27:44","date_gmt":"2014-12-25T16:27:44","guid":{"rendered":"https:\/\/devel.moeb.ca\/partners\/"},"modified":"2023-10-02T11:14:41","modified_gmt":"2023-10-02T15:14:41","slug":"partners","status":"publish","type":"page","link":"https:\/\/moeb.ca\/en\/partners\/","title":{"rendered":"Partners"},"content":{"rendered":"<p><strong>The RCA Building (\u00c9difice RCA)<\/strong> became the original institutional partner of the Mus\u00e9e.\u00a0 It has given it a home since 1996. \u00a0The support and collaboration &#8211; past, present and future &#8211; of l&#8217;\u00c9difice RCA is essential to the continued growth of th Mus\u00e9e des ondes.<\/p>\n<p>The <strong>Mus\u00e9e des ondes Emile Berliner<\/strong> receives an annual grant from the <strong>The support programme for the publication of Montreal heritage <\/strong><em>(Le programme de soutien \u00e0 la diffusion de la patrimoine montr\u00e9alais)<\/em>. \u00a0This programme is managed jointly by the Ministry of Culture, Communications and the Status of Women of Qu\u00e9bec <em>(la Minist\u00e8re de la Culture, des Communications and de la Condition f\u00e9minine du Qu\u00e9bec)<\/em> and the Ville de Montr\u00e9al, as part of the Entente on the cultural development of Montreal.<\/p>\n<p style=\"text-align: center;\"><img decoding=\"async\" class=\"alignnone size-full wp-image-517\" src=\"https:\/\/moeb.ca\/wp-content\/uploads\/2020\/12\/culture-communications-quebec.jpg\" alt=\"\" width=\"225\" height=\"100\" \/> <img decoding=\"async\" class=\"alignnone size-full wp-image-3093\" src=\"https:\/\/moeb.ca\/wp-content\/uploads\/2023\/10\/desjardins-s-o.jpg\" alt=\"\" width=\"236\" height=\"90\" \/> <img decoding=\"async\" class=\"alignnone wp-image-521\" src=\"https:\/\/moeb.ca\/wp-content\/uploads\/2020\/12\/rca-edifice.jpg\" alt=\"\" width=\"124\" height=\"84\" \/> <img decoding=\"async\" class=\"alignnone wp-image-523\" src=\"https:\/\/moeb.ca\/wp-content\/uploads\/2020\/12\/tourisme-montreal-logo_0.jpg\" alt=\"\" width=\"223\" height=\"77\" \/> <img decoding=\"async\" class=\"alignnone wp-image-525\" src=\"https:\/\/moeb.ca\/wp-content\/uploads\/2020\/12\/ville-de-montreal.jpg\" alt=\"\" width=\"254\" height=\"98\" \/><img decoding=\"async\" class=\"alignnone size-full wp-image-625\" src=\"https:\/\/moeb.ca\/wp-content\/uploads\/2020\/12\/allied.jpg\" alt=\"\" width=\"200\" height=\"100\" \/> <img decoding=\"async\" class=\"alignnone size-full wp-image-627\" src=\"https:\/\/moeb.ca\/wp-content\/uploads\/2020\/12\/sud-ouest-montreal.jpg\" alt=\"\" width=\"210\" height=\"100\" \/> <img decoding=\"async\" class=\"alignnone size-full wp-image-629\" src=\"https:\/\/moeb.ca\/wp-content\/uploads\/2020\/12\/trottier.jpg\" alt=\"\" width=\"186\" height=\"100\" \/><img decoding=\"async\" class=\"alignnone size-full wp-image-635\" src=\"https:\/\/moeb.ca\/wp-content\/uploads\/2020\/12\/logo-canada-1-150x98-1.jpg\" alt=\"Canada\" width=\"150\" height=\"98\" \/> <a href=\"https:\/\/www.kayak.fr\/Montreal.6966.guide\" target=\"_blank\" rel=\"noopener\"><img decoding=\"async\" class=\"size-full wp-image-kay aligncenter\" style=\"vertical-align: middle;\" src=\"\/wp-content\/uploads\/2021\/02\/kayak.jpg\" alt=\"KAYAK\" \/><\/a><\/p>\n","protected":false},"excerpt":{"rendered":"<p>The RCA Building (\u00c9difice RCA) became the original institutional partner of the Mus\u00e9e.\u00a0 It has given it a home since 1996. \u00a0The support and collaboration &#8211; past, present and future &#8211; of l&#8217;\u00c9difice RCA is essential to the continued growth of th Mus\u00e9e des ondes. The Mus\u00e9e des ondes Emile Berliner receives an annual grant [&hellip;]<\/p>\n","protected":false},"author":1,"featured_media":0,"parent":0,"menu_order":0,"comment_status":"closed","ping_status":"closed","template":"","meta":{"_acf_changed":false,"_genesis_hide_title":false,"_genesis_hide_breadcrumbs":false,"_genesis_hide_singular_image":false,"_genesis_hide_footer_widgets":false,"_genesis_custom_body_class":"","_genesis_custom_post_class":"","_genesis_layout":"","ngg_post_thumbnail":0,"footnotes":""},"class_list":{"0":"post-175","1":"page","2":"type-page","3":"status-publish","5":"entry"},"acf":[],"yoast_head":"<!-- This site is optimized with the Yoast SEO plugin v27.3 - https:\/\/yoast.com\/product\/yoast-seo-wordpress\/ -->\n<title>Partners - Mus\u00e9e des ondes Emile Berliner<\/title>\n<meta name=\"robots\" content=\"index, follow, max-snippet:-1, max-image-preview:large, max-video-preview:-1\" \/>\n<link rel=\"canonical\" href=\"https:\/\/moeb.ca\/en\/partners\/\" \/>\n<meta property=\"og:locale\" content=\"en_US\" \/>\n<meta property=\"og:type\" content=\"article\" \/>\n<meta property=\"og:title\" content=\"Partners - Mus\u00e9e des ondes Emile Berliner\" \/>\n<meta property=\"og:description\" content=\"The RCA Building (\u00c9difice RCA) became the original institutional partner of the Mus\u00e9e.\u00a0 It has given it a home since 1996. \u00a0The support and collaboration &#8211; past, present and future &#8211; of l&#8217;\u00c9difice RCA is essential to the continued growth of th Mus\u00e9e des ondes. The Mus\u00e9e des ondes Emile Berliner receives an annual grant [&hellip;]\" \/>\n<meta property=\"og:url\" content=\"https:\/\/moeb.ca\/en\/partners\/\" \/>\n<meta property=\"og:site_name\" content=\"Mus\u00e9e des ondes Emile Berliner\" \/>\n<meta property=\"article:publisher\" content=\"https:\/\/www.facebook.com\/Mus%c3%a9e-des-ondes-Emile-Berliner-368583116562909\/\" \/>\n<meta property=\"article:modified_time\" content=\"2023-10-02T15:14:41+00:00\" \/>\n<meta property=\"og:image\" content=\"https:\/\/moeb.ca\/wp-content\/uploads\/2020\/12\/culture-communications-quebec.jpg\" \/>\n<meta name=\"twitter:card\" content=\"summary_large_image\" \/>\n<meta name=\"twitter:label1\" content=\"Est. reading time\" \/>\n\t<meta name=\"twitter:data1\" content=\"1 minute\" \/>\n<script type=\"application\/ld+json\" class=\"yoast-schema-graph\">{\"@context\":\"https:\\\/\\\/schema.org\",\"@graph\":[{\"@type\":\"WebPage\",\"@id\":\"https:\\\/\\\/moeb.ca\\\/en\\\/partners\\\/\",\"url\":\"https:\\\/\\\/moeb.ca\\\/en\\\/partners\\\/\",\"name\":\"Partners - Mus\u00e9e des ondes Emile Berliner\",\"isPartOf\":{\"@id\":\"https:\\\/\\\/moeb.ca\\\/en\\\/#website\"},\"primaryImageOfPage\":{\"@id\":\"https:\\\/\\\/moeb.ca\\\/en\\\/partners\\\/#primaryimage\"},\"image\":{\"@id\":\"https:\\\/\\\/moeb.ca\\\/en\\\/partners\\\/#primaryimage\"},\"thumbnailUrl\":\"https:\\\/\\\/moeb.ca\\\/wp-content\\\/uploads\\\/2020\\\/12\\\/culture-communications-quebec.jpg\",\"datePublished\":\"2014-12-25T16:27:44+00:00\",\"dateModified\":\"2023-10-02T15:14:41+00:00\",\"breadcrumb\":{\"@id\":\"https:\\\/\\\/moeb.ca\\\/en\\\/partners\\\/#breadcrumb\"},\"inLanguage\":\"en-US\",\"potentialAction\":[{\"@type\":\"ReadAction\",\"target\":[\"https:\\\/\\\/moeb.ca\\\/en\\\/partners\\\/\"]}]},{\"@type\":\"ImageObject\",\"inLanguage\":\"en-US\",\"@id\":\"https:\\\/\\\/moeb.ca\\\/en\\\/partners\\\/#primaryimage\",\"url\":\"https:\\\/\\\/moeb.ca\\\/wp-content\\\/uploads\\\/2020\\\/12\\\/culture-communications-quebec.jpg\",\"contentUrl\":\"https:\\\/\\\/moeb.ca\\\/wp-content\\\/uploads\\\/2020\\\/12\\\/culture-communications-quebec.jpg\"},{\"@type\":\"BreadcrumbList\",\"@id\":\"https:\\\/\\\/moeb.ca\\\/en\\\/partners\\\/#breadcrumb\",\"itemListElement\":[{\"@type\":\"ListItem\",\"position\":1,\"name\":\"Home\",\"item\":\"https:\\\/\\\/moeb.ca\\\/en\\\/\"},{\"@type\":\"ListItem\",\"position\":2,\"name\":\"The Museum \u00bb Partners\"}]},{\"@type\":\"WebSite\",\"@id\":\"https:\\\/\\\/moeb.ca\\\/en\\\/#website\",\"url\":\"https:\\\/\\\/moeb.ca\\\/en\\\/\",\"name\":\"Mus\u00e9e des ondes Emile Berliner\",\"description\":\"Diffuser le patrimoine associ\u00e9 \u00e0 l&#039;histoire de l\u2019industrie des ondes sonores\",\"publisher\":{\"@id\":\"https:\\\/\\\/moeb.ca\\\/en\\\/#organization\"},\"potentialAction\":[{\"@type\":\"SearchAction\",\"target\":{\"@type\":\"EntryPoint\",\"urlTemplate\":\"https:\\\/\\\/moeb.ca\\\/en\\\/?s={search_term_string}\"},\"query-input\":{\"@type\":\"PropertyValueSpecification\",\"valueRequired\":true,\"valueName\":\"search_term_string\"}}],\"inLanguage\":\"en-US\"},{\"@type\":\"Organization\",\"@id\":\"https:\\\/\\\/moeb.ca\\\/en\\\/#organization\",\"name\":\"Mus\u00e9e des Ondes Emile Berliner\",\"url\":\"https:\\\/\\\/moeb.ca\\\/en\\\/\",\"logo\":{\"@type\":\"ImageObject\",\"inLanguage\":\"en-US\",\"@id\":\"https:\\\/\\\/moeb.ca\\\/en\\\/#\\\/schema\\\/logo\\\/image\\\/\",\"url\":\"https:\\\/\\\/moeb.ca\\\/wp-content\\\/uploads\\\/2020\\\/08\\\/moeb-logo.jpg\",\"contentUrl\":\"https:\\\/\\\/moeb.ca\\\/wp-content\\\/uploads\\\/2020\\\/08\\\/moeb-logo.jpg\",\"width\":225,\"height\":120,\"caption\":\"Mus\u00e9e des Ondes Emile Berliner\"},\"image\":{\"@id\":\"https:\\\/\\\/moeb.ca\\\/en\\\/#\\\/schema\\\/logo\\\/image\\\/\"},\"sameAs\":[\"https:\\\/\\\/www.facebook.com\\\/Mus\u00e9e-des-ondes-Emile-Berliner-368583116562909\\\/\"]}]}<\/script>\n<!-- \/ Yoast SEO plugin. -->","yoast_head_json":{"title":"Partners - Mus\u00e9e des ondes Emile Berliner","robots":{"index":"index","follow":"follow","max-snippet":"max-snippet:-1","max-image-preview":"max-image-preview:large","max-video-preview":"max-video-preview:-1"},"canonical":"https:\/\/moeb.ca\/en\/partners\/","og_locale":"en_US","og_type":"article","og_title":"Partners - Mus\u00e9e des ondes Emile Berliner","og_description":"The RCA Building (\u00c9difice RCA) became the original institutional partner of the Mus\u00e9e.\u00a0 It has given it a home since 1996. \u00a0The support and collaboration &#8211; past, present and future &#8211; of l&#8217;\u00c9difice RCA is essential to the continued growth of th Mus\u00e9e des ondes. The Mus\u00e9e des ondes Emile Berliner receives an annual grant [&hellip;]","og_url":"https:\/\/moeb.ca\/en\/partners\/","og_site_name":"Mus\u00e9e des ondes Emile Berliner","article_publisher":"https:\/\/www.facebook.com\/Mus%c3%a9e-des-ondes-Emile-Berliner-368583116562909\/","article_modified_time":"2023-10-02T15:14:41+00:00","og_image":[{"url":"https:\/\/moeb.ca\/wp-content\/uploads\/2020\/12\/culture-communications-quebec.jpg","type":"","width":"","height":""}],"twitter_card":"summary_large_image","twitter_misc":{"Est. reading time":"1 minute"},"schema":{"@context":"https:\/\/schema.org","@graph":[{"@type":"WebPage","@id":"https:\/\/moeb.ca\/en\/partners\/","url":"https:\/\/moeb.ca\/en\/partners\/","name":"Partners - Mus\u00e9e des ondes Emile Berliner","isPartOf":{"@id":"https:\/\/moeb.ca\/en\/#website"},"primaryImageOfPage":{"@id":"https:\/\/moeb.ca\/en\/partners\/#primaryimage"},"image":{"@id":"https:\/\/moeb.ca\/en\/partners\/#primaryimage"},"thumbnailUrl":"https:\/\/moeb.ca\/wp-content\/uploads\/2020\/12\/culture-communications-quebec.jpg","datePublished":"2014-12-25T16:27:44+00:00","dateModified":"2023-10-02T15:14:41+00:00","breadcrumb":{"@id":"https:\/\/moeb.ca\/en\/partners\/#breadcrumb"},"inLanguage":"en-US","potentialAction":[{"@type":"ReadAction","target":["https:\/\/moeb.ca\/en\/partners\/"]}]},{"@type":"ImageObject","inLanguage":"en-US","@id":"https:\/\/moeb.ca\/en\/partners\/#primaryimage","url":"https:\/\/moeb.ca\/wp-content\/uploads\/2020\/12\/culture-communications-quebec.jpg","contentUrl":"https:\/\/moeb.ca\/wp-content\/uploads\/2020\/12\/culture-communications-quebec.jpg"},{"@type":"BreadcrumbList","@id":"https:\/\/moeb.ca\/en\/partners\/#breadcrumb","itemListElement":[{"@type":"ListItem","position":1,"name":"Home","item":"https:\/\/moeb.ca\/en\/"},{"@type":"ListItem","position":2,"name":"The Museum \u00bb Partners"}]},{"@type":"WebSite","@id":"https:\/\/moeb.ca\/en\/#website","url":"https:\/\/moeb.ca\/en\/","name":"Mus\u00e9e des ondes Emile Berliner","description":"Diffuser le patrimoine associ\u00e9 \u00e0 l&#039;histoire de l\u2019industrie des ondes sonores","publisher":{"@id":"https:\/\/moeb.ca\/en\/#organization"},"potentialAction":[{"@type":"SearchAction","target":{"@type":"EntryPoint","urlTemplate":"https:\/\/moeb.ca\/en\/?s={search_term_string}"},"query-input":{"@type":"PropertyValueSpecification","valueRequired":true,"valueName":"search_term_string"}}],"inLanguage":"en-US"},{"@type":"Organization","@id":"https:\/\/moeb.ca\/en\/#organization","name":"Mus\u00e9e des Ondes Emile Berliner","url":"https:\/\/moeb.ca\/en\/","logo":{"@type":"ImageObject","inLanguage":"en-US","@id":"https:\/\/moeb.ca\/en\/#\/schema\/logo\/image\/","url":"https:\/\/moeb.ca\/wp-content\/uploads\/2020\/08\/moeb-logo.jpg","contentUrl":"https:\/\/moeb.ca\/wp-content\/uploads\/2020\/08\/moeb-logo.jpg","width":225,"height":120,"caption":"Mus\u00e9e des Ondes Emile Berliner"},"image":{"@id":"https:\/\/moeb.ca\/en\/#\/schema\/logo\/image\/"},"sameAs":["https:\/\/www.facebook.com\/Mus\u00e9e-des-ondes-Emile-Berliner-368583116562909\/"]}]}},"_links":{"self":[{"href":"https:\/\/moeb.ca\/en\/wp-json\/wp\/v2\/pages\/175","targetHints":{"allow":["GET"]}}],"collection":[{"href":"https:\/\/moeb.ca\/en\/wp-json\/wp\/v2\/pages"}],"about":[{"href":"https:\/\/moeb.ca\/en\/wp-json\/wp\/v2\/types\/page"}],"author":[{"embeddable":true,"href":"https:\/\/moeb.ca\/en\/wp-json\/wp\/v2\/users\/1"}],"replies":[{"embeddable":true,"href":"https:\/\/moeb.ca\/en\/wp-json\/wp\/v2\/comments?post=175"}],"version-history":[{"count":0,"href":"https:\/\/moeb.ca\/en\/wp-json\/wp\/v2\/pages\/175\/revisions"}],"wp:attachment":[{"href":"https:\/\/moeb.ca\/en\/wp-json\/wp\/v2\/media?parent=175"}],"curies":[{"name":"wp","href":"https:\/\/api.w.org\/{rel}","templated":true}]}}