{"id":176,"date":"2014-12-22T11:26:44","date_gmt":"2014-12-22T16:26:44","guid":{"rendered":"https:\/\/devel.moeb.ca\/emile-berliner-3\/"},"modified":"2025-11-20T13:41:01","modified_gmt":"2025-11-20T18:41:01","slug":"the-inventor-emile-berliner","status":"publish","type":"page","link":"https:\/\/moeb.ca\/en\/the-inventor-emile-berliner\/","title":{"rendered":"The Inventor Emile Berliner"},"content":{"rendered":"\n<figure itemscope itemtype=\"https:\/\/schema.org\/ImageObject\">\n\t\t\t\t<img decoding=\"async\" src=\"https:\/\/moeb.ca\/wp-content\/uploads\/2025\/11\/emile-berliner.jpg\" alt=\"Photo Emile Berliner\" height=\"2112\" width=\"1760\" title=\"emile berliner\" onerror=\"this.style.display='none'\" loading=\"lazy\" \/>\n\t<\/figure>\n\t<p><img decoding=\"async\" src=\"\/wp-content\/uploads\/2014\/12\/e-berliner-patent-564.586.jpg\" alt=\"Emile Berliner patent 564.586\" width=\"0\" height=\"0\" \/><\/p>\n\t<h2>Businessman and Inventor<\/h2>\n<p><strong>Emile Berliner was born in Germany on May 20, 1851. The young Emile had his first job in a printing shop and went on to work as a clerk in a fabric store. It was there that his talent as an inventor first showed itself.\u00a0 He created a new type of loom.<\/strong><\/p>\n<p>In 1870, influenced by a friend who had emigrated to the United States, the young Berliner decided to cross the Atlantic: and so the adventure began. This bright young man began researching sound in his small Washington apartment that he had transformed into an electrical laboratory. By 1877, his research had led to the development and patenting of a microphone that Alexander Graham Bell acquired to improve his invention &#8211; the telephone. Berliner went on to work in Bell&#8217; laboratory for 6 years before returning to his own research.<\/p>\n<p>On November 12, 1887 he received the patent for his invention: the gramophone, as well as for the process of creating the master and duplicating his flat disks. Without yet knowing it, he had forever changed the world of music.<\/p>\n<p>He invited musicians to record on zinc disks and by 1893 he began to commercialise his invention. Bit by bit, the company he a founded with a few associates (United States Gramophone Company) was transformed, developed, sold and merged.<\/p>\n<p>In 1900, the Berliner Gramophone Company opened its first store in Montreal. Six years later, the company moved to a new state-of-the-art manufacturing facility on Lenoir St in the St. Henri district of the city. Over the years, this plant was enlarged several times. In 1924, the Victor Talking Machine Company purchased Berliner Gramophone and in 1929 it in turn merged with RCA to become RCA Victor. In 1996, the Mus\u00e9e des ondes Emile Berliner was established in this former industrial complex.<\/p>\n<p>Emile Berliner was not only a visionary, but also a great philanthropist. For example, he fought to have the American government accept pasteurisation of milk investing a part of his fortune advocating it. In doing so, he saved de numerous lives. At the time, unpasteurised milk was the cause of the death of many children each year. Berliner was also a great supporter of women&#8217;s education and funded scholarships for women wishing to study the sciences in university. Emile Berliner died of a heart attack on August 3, 1929.<\/p>\n\n","protected":false},"excerpt":{"rendered":"<p>Businessman and Inventor Emile Berliner was born in Germany on May 20, 1851. The young Emile had his first job in a printing shop and went on to work as a clerk in a fabric store. It was there that his talent as an inventor first showed itself.\u00a0 He created a new type of loom. [&hellip;]<\/p>\n","protected":false},"author":1,"featured_media":4013,"parent":0,"menu_order":0,"comment_status":"closed","ping_status":"closed","template":"","meta":{"_acf_changed":false,"_genesis_hide_title":false,"_genesis_hide_breadcrumbs":false,"_genesis_hide_singular_image":false,"_genesis_hide_footer_widgets":false,"_genesis_custom_body_class":"","_genesis_custom_post_class":"","_genesis_layout":"","ngg_post_thumbnail":0,"footnotes":""},"class_list":{"0":"post-176","1":"page","2":"type-page","3":"status-publish","4":"has-post-thumbnail","6":"entry"},"acf":[],"yoast_head":"<!-- This site is optimized with the Yoast SEO plugin v27.3 - https:\/\/yoast.com\/product\/yoast-seo-wordpress\/ -->\n<title>The Inventor Emile Berliner - Mus\u00e9e des ondes Emile Berliner<\/title>\n<meta name=\"robots\" content=\"index, follow, max-snippet:-1, max-image-preview:large, max-video-preview:-1\" \/>\n<link rel=\"canonical\" href=\"https:\/\/moeb.ca\/en\/the-inventor-emile-berliner\/\" \/>\n<meta property=\"og:locale\" content=\"en_US\" \/>\n<meta property=\"og:type\" content=\"article\" \/>\n<meta property=\"og:title\" content=\"The Inventor Emile Berliner - Mus\u00e9e des ondes Emile Berliner\" \/>\n<meta property=\"og:description\" content=\"Businessman and Inventor Emile Berliner was born in Germany on May 20, 1851. The young Emile had his first job in a printing shop and went on to work as a clerk in a fabric store. It was there that his talent as an inventor first showed itself.\u00a0 He created a new type of loom. [&hellip;]\" \/>\n<meta property=\"og:url\" content=\"https:\/\/moeb.ca\/en\/the-inventor-emile-berliner\/\" \/>\n<meta property=\"og:site_name\" content=\"Mus\u00e9e des ondes Emile Berliner\" \/>\n<meta property=\"article:publisher\" content=\"https:\/\/www.facebook.com\/Mus%c3%a9e-des-ondes-Emile-Berliner-368583116562909\/\" \/>\n<meta property=\"article:modified_time\" content=\"2025-11-20T18:41:01+00:00\" \/>\n<meta property=\"og:image\" content=\"https:\/\/moeb.ca\/wp-content\/uploads\/2025\/11\/emile-berliner.jpg\" \/>\n\t<meta property=\"og:image:width\" content=\"1760\" \/>\n\t<meta property=\"og:image:height\" content=\"2112\" \/>\n\t<meta property=\"og:image:type\" content=\"image\/jpeg\" \/>\n<meta name=\"twitter:card\" content=\"summary_large_image\" \/>\n<meta name=\"twitter:label1\" content=\"Est. reading time\" \/>\n\t<meta name=\"twitter:data1\" content=\"2 minutes\" \/>\n<script type=\"application\/ld+json\" class=\"yoast-schema-graph\">{\"@context\":\"https:\\\/\\\/schema.org\",\"@graph\":[{\"@type\":\"WebPage\",\"@id\":\"https:\\\/\\\/moeb.ca\\\/en\\\/the-inventor-emile-berliner\\\/\",\"url\":\"https:\\\/\\\/moeb.ca\\\/en\\\/the-inventor-emile-berliner\\\/\",\"name\":\"The Inventor Emile Berliner - Mus\u00e9e des ondes Emile Berliner\",\"isPartOf\":{\"@id\":\"https:\\\/\\\/moeb.ca\\\/en\\\/#website\"},\"primaryImageOfPage\":{\"@id\":\"https:\\\/\\\/moeb.ca\\\/en\\\/the-inventor-emile-berliner\\\/#primaryimage\"},\"image\":{\"@id\":\"https:\\\/\\\/moeb.ca\\\/en\\\/the-inventor-emile-berliner\\\/#primaryimage\"},\"thumbnailUrl\":\"https:\\\/\\\/moeb.ca\\\/wp-content\\\/uploads\\\/2025\\\/11\\\/emile-berliner.jpg\",\"datePublished\":\"2014-12-22T16:26:44+00:00\",\"dateModified\":\"2025-11-20T18:41:01+00:00\",\"breadcrumb\":{\"@id\":\"https:\\\/\\\/moeb.ca\\\/en\\\/the-inventor-emile-berliner\\\/#breadcrumb\"},\"inLanguage\":\"en-US\",\"potentialAction\":[{\"@type\":\"ReadAction\",\"target\":[\"https:\\\/\\\/moeb.ca\\\/en\\\/the-inventor-emile-berliner\\\/\"]}]},{\"@type\":\"ImageObject\",\"inLanguage\":\"en-US\",\"@id\":\"https:\\\/\\\/moeb.ca\\\/en\\\/the-inventor-emile-berliner\\\/#primaryimage\",\"url\":\"https:\\\/\\\/moeb.ca\\\/wp-content\\\/uploads\\\/2025\\\/11\\\/emile-berliner.jpg\",\"contentUrl\":\"https:\\\/\\\/moeb.ca\\\/wp-content\\\/uploads\\\/2025\\\/11\\\/emile-berliner.jpg\",\"width\":1760,\"height\":2112,\"caption\":\"Photo Emile Berliner\"},{\"@type\":\"BreadcrumbList\",\"@id\":\"https:\\\/\\\/moeb.ca\\\/en\\\/the-inventor-emile-berliner\\\/#breadcrumb\",\"itemListElement\":[{\"@type\":\"ListItem\",\"position\":1,\"name\":\"Home\",\"item\":\"https:\\\/\\\/moeb.ca\\\/en\\\/\"},{\"@type\":\"ListItem\",\"position\":2,\"name\":\"The museum \u00bb The inventor Emile Berliner\"}]},{\"@type\":\"WebSite\",\"@id\":\"https:\\\/\\\/moeb.ca\\\/en\\\/#website\",\"url\":\"https:\\\/\\\/moeb.ca\\\/en\\\/\",\"name\":\"Mus\u00e9e des ondes Emile Berliner\",\"description\":\"Diffuser le patrimoine associ\u00e9 \u00e0 l&#039;histoire de l\u2019industrie des ondes sonores\",\"publisher\":{\"@id\":\"https:\\\/\\\/moeb.ca\\\/en\\\/#organization\"},\"potentialAction\":[{\"@type\":\"SearchAction\",\"target\":{\"@type\":\"EntryPoint\",\"urlTemplate\":\"https:\\\/\\\/moeb.ca\\\/en\\\/?s={search_term_string}\"},\"query-input\":{\"@type\":\"PropertyValueSpecification\",\"valueRequired\":true,\"valueName\":\"search_term_string\"}}],\"inLanguage\":\"en-US\"},{\"@type\":\"Organization\",\"@id\":\"https:\\\/\\\/moeb.ca\\\/en\\\/#organization\",\"name\":\"Mus\u00e9e des Ondes Emile Berliner\",\"url\":\"https:\\\/\\\/moeb.ca\\\/en\\\/\",\"logo\":{\"@type\":\"ImageObject\",\"inLanguage\":\"en-US\",\"@id\":\"https:\\\/\\\/moeb.ca\\\/en\\\/#\\\/schema\\\/logo\\\/image\\\/\",\"url\":\"https:\\\/\\\/moeb.ca\\\/wp-content\\\/uploads\\\/2020\\\/08\\\/moeb-logo.jpg\",\"contentUrl\":\"https:\\\/\\\/moeb.ca\\\/wp-content\\\/uploads\\\/2020\\\/08\\\/moeb-logo.jpg\",\"width\":225,\"height\":120,\"caption\":\"Mus\u00e9e des Ondes Emile Berliner\"},\"image\":{\"@id\":\"https:\\\/\\\/moeb.ca\\\/en\\\/#\\\/schema\\\/logo\\\/image\\\/\"},\"sameAs\":[\"https:\\\/\\\/www.facebook.com\\\/Mus\u00e9e-des-ondes-Emile-Berliner-368583116562909\\\/\"]}]}<\/script>\n<!-- \/ Yoast SEO plugin. -->","yoast_head_json":{"title":"The Inventor Emile Berliner - Mus\u00e9e des ondes Emile Berliner","robots":{"index":"index","follow":"follow","max-snippet":"max-snippet:-1","max-image-preview":"max-image-preview:large","max-video-preview":"max-video-preview:-1"},"canonical":"https:\/\/moeb.ca\/en\/the-inventor-emile-berliner\/","og_locale":"en_US","og_type":"article","og_title":"The Inventor Emile Berliner - Mus\u00e9e des ondes Emile Berliner","og_description":"Businessman and Inventor Emile Berliner was born in Germany on May 20, 1851. The young Emile had his first job in a printing shop and went on to work as a clerk in a fabric store. It was there that his talent as an inventor first showed itself.\u00a0 He created a new type of loom. [&hellip;]","og_url":"https:\/\/moeb.ca\/en\/the-inventor-emile-berliner\/","og_site_name":"Mus\u00e9e des ondes Emile Berliner","article_publisher":"https:\/\/www.facebook.com\/Mus%c3%a9e-des-ondes-Emile-Berliner-368583116562909\/","article_modified_time":"2025-11-20T18:41:01+00:00","og_image":[{"width":1760,"height":2112,"url":"https:\/\/moeb.ca\/wp-content\/uploads\/2025\/11\/emile-berliner.jpg","type":"image\/jpeg"}],"twitter_card":"summary_large_image","twitter_misc":{"Est. reading time":"2 minutes"},"schema":{"@context":"https:\/\/schema.org","@graph":[{"@type":"WebPage","@id":"https:\/\/moeb.ca\/en\/the-inventor-emile-berliner\/","url":"https:\/\/moeb.ca\/en\/the-inventor-emile-berliner\/","name":"The Inventor Emile Berliner - Mus\u00e9e des ondes Emile Berliner","isPartOf":{"@id":"https:\/\/moeb.ca\/en\/#website"},"primaryImageOfPage":{"@id":"https:\/\/moeb.ca\/en\/the-inventor-emile-berliner\/#primaryimage"},"image":{"@id":"https:\/\/moeb.ca\/en\/the-inventor-emile-berliner\/#primaryimage"},"thumbnailUrl":"https:\/\/moeb.ca\/wp-content\/uploads\/2025\/11\/emile-berliner.jpg","datePublished":"2014-12-22T16:26:44+00:00","dateModified":"2025-11-20T18:41:01+00:00","breadcrumb":{"@id":"https:\/\/moeb.ca\/en\/the-inventor-emile-berliner\/#breadcrumb"},"inLanguage":"en-US","potentialAction":[{"@type":"ReadAction","target":["https:\/\/moeb.ca\/en\/the-inventor-emile-berliner\/"]}]},{"@type":"ImageObject","inLanguage":"en-US","@id":"https:\/\/moeb.ca\/en\/the-inventor-emile-berliner\/#primaryimage","url":"https:\/\/moeb.ca\/wp-content\/uploads\/2025\/11\/emile-berliner.jpg","contentUrl":"https:\/\/moeb.ca\/wp-content\/uploads\/2025\/11\/emile-berliner.jpg","width":1760,"height":2112,"caption":"Photo Emile Berliner"},{"@type":"BreadcrumbList","@id":"https:\/\/moeb.ca\/en\/the-inventor-emile-berliner\/#breadcrumb","itemListElement":[{"@type":"ListItem","position":1,"name":"Home","item":"https:\/\/moeb.ca\/en\/"},{"@type":"ListItem","position":2,"name":"The museum \u00bb The inventor Emile Berliner"}]},{"@type":"WebSite","@id":"https:\/\/moeb.ca\/en\/#website","url":"https:\/\/moeb.ca\/en\/","name":"Mus\u00e9e des ondes Emile Berliner","description":"Diffuser le patrimoine associ\u00e9 \u00e0 l&#039;histoire de l\u2019industrie des ondes sonores","publisher":{"@id":"https:\/\/moeb.ca\/en\/#organization"},"potentialAction":[{"@type":"SearchAction","target":{"@type":"EntryPoint","urlTemplate":"https:\/\/moeb.ca\/en\/?s={search_term_string}"},"query-input":{"@type":"PropertyValueSpecification","valueRequired":true,"valueName":"search_term_string"}}],"inLanguage":"en-US"},{"@type":"Organization","@id":"https:\/\/moeb.ca\/en\/#organization","name":"Mus\u00e9e des Ondes Emile Berliner","url":"https:\/\/moeb.ca\/en\/","logo":{"@type":"ImageObject","inLanguage":"en-US","@id":"https:\/\/moeb.ca\/en\/#\/schema\/logo\/image\/","url":"https:\/\/moeb.ca\/wp-content\/uploads\/2020\/08\/moeb-logo.jpg","contentUrl":"https:\/\/moeb.ca\/wp-content\/uploads\/2020\/08\/moeb-logo.jpg","width":225,"height":120,"caption":"Mus\u00e9e des Ondes Emile Berliner"},"image":{"@id":"https:\/\/moeb.ca\/en\/#\/schema\/logo\/image\/"},"sameAs":["https:\/\/www.facebook.com\/Mus\u00e9e-des-ondes-Emile-Berliner-368583116562909\/"]}]}},"_links":{"self":[{"href":"https:\/\/moeb.ca\/en\/wp-json\/wp\/v2\/pages\/176","targetHints":{"allow":["GET"]}}],"collection":[{"href":"https:\/\/moeb.ca\/en\/wp-json\/wp\/v2\/pages"}],"about":[{"href":"https:\/\/moeb.ca\/en\/wp-json\/wp\/v2\/types\/page"}],"author":[{"embeddable":true,"href":"https:\/\/moeb.ca\/en\/wp-json\/wp\/v2\/users\/1"}],"replies":[{"embeddable":true,"href":"https:\/\/moeb.ca\/en\/wp-json\/wp\/v2\/comments?post=176"}],"version-history":[{"count":0,"href":"https:\/\/moeb.ca\/en\/wp-json\/wp\/v2\/pages\/176\/revisions"}],"wp:featuredmedia":[{"embeddable":true,"href":"https:\/\/moeb.ca\/en\/wp-json\/wp\/v2\/media\/4013"}],"wp:attachment":[{"href":"https:\/\/moeb.ca\/en\/wp-json\/wp\/v2\/media?parent=176"}],"curies":[{"name":"wp","href":"https:\/\/api.w.org\/{rel}","templated":true}]}}