{"id":177,"date":"2014-12-11T16:08:14","date_gmt":"2014-12-11T21:08:14","guid":{"rendered":"https:\/\/devel.moeb.ca\/collection\/"},"modified":"2020-12-24T11:46:50","modified_gmt":"2020-12-24T16:46:50","slug":"collection","status":"publish","type":"page","link":"https:\/\/moeb.ca\/en\/collection\/","title":{"rendered":"Collection"},"content":{"rendered":"<p>When the Mus\u00e9e opened to the public on January 24, 1996, there were about 100 objects in the collection. Since then, thanks to the generosity of more than 500 donors, the collection has been continuously enriched and now consists of more than 30 000 pieces.<\/p>\n<p>It includes numerous audio reproduction and recording devices, records, televisions, architectural acoustical plans along with many other examples of the technologies of the transmission and broadcasting of the sound and picture..<\/p>\n<p><img decoding=\"async\" class=\"size-full wp-image-130 alignnone\" style=\"width: 360px;\" src=\"https:\/\/moeb.ca\/wp-content\/uploads\/2014\/12\/gramophone-tourne-disques.jpg\" alt=\"Gramophones et troune-disques\" width=\"0\" height=\"0\" \/><\/p>\n<h2>Gramophones and turntables<\/h2>\n<p><img decoding=\"async\" class=\"size-full wp-image-132 alignnone\" style=\"width: 360px;\" src=\"https:\/\/moeb.ca\/wp-content\/uploads\/2014\/12\/radios.jpg\" alt=\"Radios\" width=\"0\" height=\"0\" \/><\/p>\n<h2>Radios<\/h2>\n<h2>Documentation<\/h2>\n<p><img decoding=\"async\" class=\" size-full wp-image-134\" style=\"width: 137px;\" src=\"https:\/\/moeb.ca\/wp-content\/uploads\/2014\/12\/documentation.jpg\" alt=\"Documentation\" width=\"0\" height=\"0\" \/> [<\/p>\n<h2>Discs and recordings<\/h2>\n<p><img decoding=\"async\" class=\" size-full wp-image-136\" style=\"width: 126px;\" src=\"https:\/\/moeb.ca\/wp-content\/uploads\/2014\/12\/disque.jpg\" alt=\"Disque\" width=\"0\" height=\"0\" \/><\/p>\n<p><img decoding=\"async\" class=\" size-full wp-image-138\" style=\"width: 360px;\" src=\"https:\/\/moeb.ca\/wp-content\/uploads\/2014\/12\/equipements-enregistrement-microphone.jpg\" alt=\"\u00c9quipements d'enregistrement\" width=\"0\" height=\"0\" \/><\/p>\n<h2>Recording Equipement<\/h2>\n<p><img decoding=\"async\" class=\" size-full wp-image-140\" style=\"width: 360px;\" src=\"https:\/\/moeb.ca\/wp-content\/uploads\/2014\/12\/televiseurs.jpg\" alt=\"T\u00e9l\u00e9viseur\" width=\"0\" height=\"0\" \/><\/p>\n<h2>Televisions<\/h2>\n<p><img decoding=\"async\" class=\" size-full wp-image-142\" style=\"width: 1000px;\" src=\"https:\/\/moeb.ca\/wp-content\/uploads\/2014\/12\/combine-radio-tourne-disques.jpg\" alt=\"Combin\u00e9 radio tourne-disques Panasonic\" width=\"0\" height=\"0\" srcset=\"https:\/\/moeb.ca\/wp-content\/uploads\/2014\/12\/combine-radio-tourne-disques.jpg 1000w, https:\/\/moeb.ca\/wp-content\/uploads\/2014\/12\/combine-radio-tourne-disques-700x329.jpg 700w\" sizes=\"(max-width: 1000px) 100vw, 1000px\" \/><\/p>\n<div>COMBINED RADIO TURNTABLE ELECTROHOME<\/div>\n<p><img decoding=\"async\" class=\" size-full wp-image-144\" style=\"width: 1000px;\" src=\"https:\/\/moeb.ca\/wp-content\/uploads\/2014\/12\/gramophone-victrola.jpg\" alt=\"\" width=\"0\" height=\"0\" srcset=\"https:\/\/moeb.ca\/wp-content\/uploads\/2014\/12\/gramophone-victrola.jpg 1000w, https:\/\/moeb.ca\/wp-content\/uploads\/2014\/12\/gramophone-victrola-700x728.jpg 700w\" sizes=\"(max-width: 1000px) 100vw, 1000px\" \/><\/p>\n<div>VICTROLA GRAMOPHONE<\/div>\n","protected":false},"excerpt":{"rendered":"<p>When the Mus\u00e9e opened to the public on January 24, 1996, there were about 100 objects in the collection. Since then, thanks to the generosity of more than 500 donors, the collection has been continuously enriched and now consists of more than 30 000 pieces. It includes numerous audio reproduction and recording devices, records, televisions, [&hellip;]<\/p>\n","protected":false},"author":1,"featured_media":0,"parent":0,"menu_order":0,"comment_status":"closed","ping_status":"closed","template":"","meta":{"_acf_changed":false,"_genesis_hide_title":false,"_genesis_hide_breadcrumbs":false,"_genesis_hide_singular_image":false,"_genesis_hide_footer_widgets":false,"_genesis_custom_body_class":"","_genesis_custom_post_class":"","_genesis_layout":"","ngg_post_thumbnail":0,"footnotes":""},"class_list":{"0":"post-177","1":"page","2":"type-page","3":"status-publish","5":"entry"},"acf":[],"yoast_head":"<!-- This site is optimized with the Yoast SEO plugin v27.4 - https:\/\/yoast.com\/product\/yoast-seo-wordpress\/ -->\n<title>Collection - Mus\u00e9e des ondes Emile Berliner<\/title>\n<meta name=\"robots\" content=\"index, follow, max-snippet:-1, max-image-preview:large, max-video-preview:-1\" \/>\n<link rel=\"canonical\" href=\"https:\/\/moeb.ca\/en\/collection\/\" \/>\n<meta property=\"og:locale\" content=\"en_US\" \/>\n<meta property=\"og:type\" content=\"article\" \/>\n<meta property=\"og:title\" content=\"Collection - Mus\u00e9e des ondes Emile Berliner\" \/>\n<meta property=\"og:description\" content=\"When the Mus\u00e9e opened to the public on January 24, 1996, there were about 100 objects in the collection. Since then, thanks to the generosity of more than 500 donors, the collection has been continuously enriched and now consists of more than 30 000 pieces. It includes numerous audio reproduction and recording devices, records, televisions, [&hellip;]\" \/>\n<meta property=\"og:url\" content=\"https:\/\/moeb.ca\/en\/collection\/\" \/>\n<meta property=\"og:site_name\" content=\"Mus\u00e9e des ondes Emile Berliner\" \/>\n<meta property=\"article:publisher\" content=\"https:\/\/www.facebook.com\/Mus%c3%a9e-des-ondes-Emile-Berliner-368583116562909\/\" \/>\n<meta property=\"article:modified_time\" content=\"2020-12-24T16:46:50+00:00\" \/>\n<meta property=\"og:image\" content=\"https:\/\/moeb.ca\/wp-content\/uploads\/2014\/12\/gramophone-tourne-disques.jpg\" \/>\n<meta name=\"twitter:card\" content=\"summary_large_image\" \/>\n<script type=\"application\/ld+json\" class=\"yoast-schema-graph\">{\"@context\":\"https:\\\/\\\/schema.org\",\"@graph\":[{\"@type\":\"WebPage\",\"@id\":\"https:\\\/\\\/moeb.ca\\\/en\\\/collection\\\/\",\"url\":\"https:\\\/\\\/moeb.ca\\\/en\\\/collection\\\/\",\"name\":\"Collection - Mus\u00e9e des ondes Emile Berliner\",\"isPartOf\":{\"@id\":\"https:\\\/\\\/moeb.ca\\\/en\\\/#website\"},\"primaryImageOfPage\":{\"@id\":\"https:\\\/\\\/moeb.ca\\\/en\\\/collection\\\/#primaryimage\"},\"image\":{\"@id\":\"https:\\\/\\\/moeb.ca\\\/en\\\/collection\\\/#primaryimage\"},\"thumbnailUrl\":\"https:\\\/\\\/moeb.ca\\\/wp-content\\\/uploads\\\/2014\\\/12\\\/gramophone-tourne-disques.jpg\",\"datePublished\":\"2014-12-11T21:08:14+00:00\",\"dateModified\":\"2020-12-24T16:46:50+00:00\",\"breadcrumb\":{\"@id\":\"https:\\\/\\\/moeb.ca\\\/en\\\/collection\\\/#breadcrumb\"},\"inLanguage\":\"en-US\",\"potentialAction\":[{\"@type\":\"ReadAction\",\"target\":[\"https:\\\/\\\/moeb.ca\\\/en\\\/collection\\\/\"]}]},{\"@type\":\"ImageObject\",\"inLanguage\":\"en-US\",\"@id\":\"https:\\\/\\\/moeb.ca\\\/en\\\/collection\\\/#primaryimage\",\"url\":\"https:\\\/\\\/moeb.ca\\\/wp-content\\\/uploads\\\/2014\\\/12\\\/gramophone-tourne-disques.jpg\",\"contentUrl\":\"https:\\\/\\\/moeb.ca\\\/wp-content\\\/uploads\\\/2014\\\/12\\\/gramophone-tourne-disques.jpg\"},{\"@type\":\"BreadcrumbList\",\"@id\":\"https:\\\/\\\/moeb.ca\\\/en\\\/collection\\\/#breadcrumb\",\"itemListElement\":[{\"@type\":\"ListItem\",\"position\":1,\"name\":\"Home\",\"item\":\"https:\\\/\\\/moeb.ca\\\/en\\\/\"},{\"@type\":\"ListItem\",\"position\":2,\"name\":\"Collection\"}]},{\"@type\":\"WebSite\",\"@id\":\"https:\\\/\\\/moeb.ca\\\/en\\\/#website\",\"url\":\"https:\\\/\\\/moeb.ca\\\/en\\\/\",\"name\":\"Mus\u00e9e des ondes Emile Berliner\",\"description\":\"Diffuser le patrimoine associ\u00e9 \u00e0 l&#039;histoire de l\u2019industrie des ondes sonores\",\"publisher\":{\"@id\":\"https:\\\/\\\/moeb.ca\\\/en\\\/#organization\"},\"potentialAction\":[{\"@type\":\"SearchAction\",\"target\":{\"@type\":\"EntryPoint\",\"urlTemplate\":\"https:\\\/\\\/moeb.ca\\\/en\\\/?s={search_term_string}\"},\"query-input\":{\"@type\":\"PropertyValueSpecification\",\"valueRequired\":true,\"valueName\":\"search_term_string\"}}],\"inLanguage\":\"en-US\"},{\"@type\":\"Organization\",\"@id\":\"https:\\\/\\\/moeb.ca\\\/en\\\/#organization\",\"name\":\"Mus\u00e9e des Ondes Emile Berliner\",\"url\":\"https:\\\/\\\/moeb.ca\\\/en\\\/\",\"logo\":{\"@type\":\"ImageObject\",\"inLanguage\":\"en-US\",\"@id\":\"https:\\\/\\\/moeb.ca\\\/en\\\/#\\\/schema\\\/logo\\\/image\\\/\",\"url\":\"https:\\\/\\\/moeb.ca\\\/wp-content\\\/uploads\\\/2020\\\/08\\\/moeb-logo.jpg\",\"contentUrl\":\"https:\\\/\\\/moeb.ca\\\/wp-content\\\/uploads\\\/2020\\\/08\\\/moeb-logo.jpg\",\"width\":225,\"height\":120,\"caption\":\"Mus\u00e9e des Ondes Emile Berliner\"},\"image\":{\"@id\":\"https:\\\/\\\/moeb.ca\\\/en\\\/#\\\/schema\\\/logo\\\/image\\\/\"},\"sameAs\":[\"https:\\\/\\\/www.facebook.com\\\/Mus\u00e9e-des-ondes-Emile-Berliner-368583116562909\\\/\"]}]}<\/script>\n<!-- \/ Yoast SEO plugin. -->","yoast_head_json":{"title":"Collection - Mus\u00e9e des ondes Emile Berliner","robots":{"index":"index","follow":"follow","max-snippet":"max-snippet:-1","max-image-preview":"max-image-preview:large","max-video-preview":"max-video-preview:-1"},"canonical":"https:\/\/moeb.ca\/en\/collection\/","og_locale":"en_US","og_type":"article","og_title":"Collection - Mus\u00e9e des ondes Emile Berliner","og_description":"When the Mus\u00e9e opened to the public on January 24, 1996, there were about 100 objects in the collection. Since then, thanks to the generosity of more than 500 donors, the collection has been continuously enriched and now consists of more than 30 000 pieces. It includes numerous audio reproduction and recording devices, records, televisions, [&hellip;]","og_url":"https:\/\/moeb.ca\/en\/collection\/","og_site_name":"Mus\u00e9e des ondes Emile Berliner","article_publisher":"https:\/\/www.facebook.com\/Mus%c3%a9e-des-ondes-Emile-Berliner-368583116562909\/","article_modified_time":"2020-12-24T16:46:50+00:00","og_image":[{"url":"https:\/\/moeb.ca\/wp-content\/uploads\/2014\/12\/gramophone-tourne-disques.jpg","type":"","width":"","height":""}],"twitter_card":"summary_large_image","schema":{"@context":"https:\/\/schema.org","@graph":[{"@type":"WebPage","@id":"https:\/\/moeb.ca\/en\/collection\/","url":"https:\/\/moeb.ca\/en\/collection\/","name":"Collection - Mus\u00e9e des ondes Emile Berliner","isPartOf":{"@id":"https:\/\/moeb.ca\/en\/#website"},"primaryImageOfPage":{"@id":"https:\/\/moeb.ca\/en\/collection\/#primaryimage"},"image":{"@id":"https:\/\/moeb.ca\/en\/collection\/#primaryimage"},"thumbnailUrl":"https:\/\/moeb.ca\/wp-content\/uploads\/2014\/12\/gramophone-tourne-disques.jpg","datePublished":"2014-12-11T21:08:14+00:00","dateModified":"2020-12-24T16:46:50+00:00","breadcrumb":{"@id":"https:\/\/moeb.ca\/en\/collection\/#breadcrumb"},"inLanguage":"en-US","potentialAction":[{"@type":"ReadAction","target":["https:\/\/moeb.ca\/en\/collection\/"]}]},{"@type":"ImageObject","inLanguage":"en-US","@id":"https:\/\/moeb.ca\/en\/collection\/#primaryimage","url":"https:\/\/moeb.ca\/wp-content\/uploads\/2014\/12\/gramophone-tourne-disques.jpg","contentUrl":"https:\/\/moeb.ca\/wp-content\/uploads\/2014\/12\/gramophone-tourne-disques.jpg"},{"@type":"BreadcrumbList","@id":"https:\/\/moeb.ca\/en\/collection\/#breadcrumb","itemListElement":[{"@type":"ListItem","position":1,"name":"Home","item":"https:\/\/moeb.ca\/en\/"},{"@type":"ListItem","position":2,"name":"Collection"}]},{"@type":"WebSite","@id":"https:\/\/moeb.ca\/en\/#website","url":"https:\/\/moeb.ca\/en\/","name":"Mus\u00e9e des ondes Emile Berliner","description":"Diffuser le patrimoine associ\u00e9 \u00e0 l&#039;histoire de l\u2019industrie des ondes sonores","publisher":{"@id":"https:\/\/moeb.ca\/en\/#organization"},"potentialAction":[{"@type":"SearchAction","target":{"@type":"EntryPoint","urlTemplate":"https:\/\/moeb.ca\/en\/?s={search_term_string}"},"query-input":{"@type":"PropertyValueSpecification","valueRequired":true,"valueName":"search_term_string"}}],"inLanguage":"en-US"},{"@type":"Organization","@id":"https:\/\/moeb.ca\/en\/#organization","name":"Mus\u00e9e des Ondes Emile Berliner","url":"https:\/\/moeb.ca\/en\/","logo":{"@type":"ImageObject","inLanguage":"en-US","@id":"https:\/\/moeb.ca\/en\/#\/schema\/logo\/image\/","url":"https:\/\/moeb.ca\/wp-content\/uploads\/2020\/08\/moeb-logo.jpg","contentUrl":"https:\/\/moeb.ca\/wp-content\/uploads\/2020\/08\/moeb-logo.jpg","width":225,"height":120,"caption":"Mus\u00e9e des Ondes Emile Berliner"},"image":{"@id":"https:\/\/moeb.ca\/en\/#\/schema\/logo\/image\/"},"sameAs":["https:\/\/www.facebook.com\/Mus\u00e9e-des-ondes-Emile-Berliner-368583116562909\/"]}]}},"_links":{"self":[{"href":"https:\/\/moeb.ca\/en\/wp-json\/wp\/v2\/pages\/177","targetHints":{"allow":["GET"]}}],"collection":[{"href":"https:\/\/moeb.ca\/en\/wp-json\/wp\/v2\/pages"}],"about":[{"href":"https:\/\/moeb.ca\/en\/wp-json\/wp\/v2\/types\/page"}],"author":[{"embeddable":true,"href":"https:\/\/moeb.ca\/en\/wp-json\/wp\/v2\/users\/1"}],"replies":[{"embeddable":true,"href":"https:\/\/moeb.ca\/en\/wp-json\/wp\/v2\/comments?post=177"}],"version-history":[{"count":0,"href":"https:\/\/moeb.ca\/en\/wp-json\/wp\/v2\/pages\/177\/revisions"}],"wp:attachment":[{"href":"https:\/\/moeb.ca\/en\/wp-json\/wp\/v2\/media?parent=177"}],"curies":[{"name":"wp","href":"https:\/\/api.w.org\/{rel}","templated":true}]}}