{"id":182,"date":"2014-12-14T11:50:27","date_gmt":"2014-12-14T16:50:27","guid":{"rendered":"https:\/\/devel.moeb.ca\/board-of-directors-and-committees\/"},"modified":"2026-01-25T16:22:58","modified_gmt":"2026-01-25T21:22:58","slug":"directors-and-staff","status":"publish","type":"page","link":"https:\/\/moeb.ca\/en\/directors-and-staff\/","title":{"rendered":"Directors and Staff"},"content":{"rendered":"\n<h2>\n\t\t\tBoard of Directors\t<\/h2>\n\t\t\t\t\t<a role=\"heading\" aria-level=\"2\" tabindex=\"-1\"  id=\"fl-accordion--label-0\">Martin Duchesne, President<\/a>\n\t\t\t\t\t\t\t\t\t\t\t<button type=\"button\" id=\"fl-accordion--icon-0\" aria-expanded=\"false\" aria-controls=\"fl-accordion--panel-0\"><i>D\u00e9plier<\/i><\/button>\n\t\t\t\t\t<p>Text to come.<\/p>\n\t\t\t\t\t<a role=\"heading\" aria-level=\"2\" tabindex=\"-1\"  id=\"fl-accordion--label-1\">Ga\u00e9tan Pilon, Treasurer<\/a>\n\t\t\t\t\t\t\t\t\t\t\t<button type=\"button\" id=\"fl-accordion--icon-1\" aria-expanded=\"false\" aria-controls=\"fl-accordion--panel-1\"><i>D\u00e9plier<\/i><\/button>\n\t\t\t\t\t<p>Text to come.<\/p>\n\t\t\t\t\t<a role=\"heading\" aria-level=\"2\" tabindex=\"-1\"  id=\"fl-accordion--label-2\">Jacques Drolet, Administrateur<\/a>\n\t\t\t\t\t\t\t\t\t\t\t<button type=\"button\" id=\"fl-accordion--icon-2\" aria-expanded=\"false\" aria-controls=\"fl-accordion--panel-2\"><i>D\u00e9plier<\/i><\/button>\n\t\t\t\t\t<p>Drolet, Jacques. Jacques was a project manager for medium and high voltage power systems engineering from 1997 to 2017 for electrical utilities across Canada. Previously, as a project engineer, he worked in equipment procurement, construction, commissioning and start-up of electrical substations for similar projects from 1988 to 1997, including a CIDA project for the construction of two high voltage substations in Cairo. From 1981 to 1988, he was involved in the supervision of electrotechnical and telecommunications projects, as well as witnessing type and routine tests on electrical and electronic equipment for a consulting engineering firm. From 1978 to 1980, he worked on Canadian Army contracts at Marconi Canada. Volunteer responsible for the MOEB pioneering television acquisition project. For several years, he has volunteered on various projects to ensure the smooth running of the Museum.<br \/>Tel: 514-791-4973, email: <a href=\"mailto:shadza@hotmail.com\">shadza@hotmail.com<\/a><\/p>\n\t\t\t\t\t<a role=\"heading\" aria-level=\"2\" tabindex=\"-1\"  id=\"fl-accordion--label-3\">Guy Lapierre, Administrateur<\/a>\n\t\t\t\t\t\t\t\t\t\t\t<button type=\"button\" id=\"fl-accordion--icon-3\" aria-expanded=\"false\" aria-controls=\"fl-accordion--panel-3\"><i>D\u00e9plier<\/i><\/button>\n\t\t\t\t\t<p>Text to come.<\/p>\n\t<p><em>A General Meeting was held on June 21, 2025, a new provisional Board of Directors was elected for 7 months.<\/em><\/p>\n\t<h2>Founders of the Mus\u00e9e des Ondes Emile Berliner 1992<\/h2>\n<p><strong>Jean B\u00e9lisle<\/strong><br \/><strong>Nicole Cloutier<\/strong><br \/><strong>Jean-Luc Louradour<\/strong><br \/><strong>Ga\u00e9tan Pilon<\/strong><br \/><strong>Louis Pilon<\/strong><\/p>\n<h2>Builders Members<\/h2>\n<p>The Board of Directors may, by resolution, appoint as a Builder Member any legal or physical person who has made a significant contribution by his or her work or by his or her donations to the objectives pursued by the Museum. The Builder Member may participate in Museum activities and attend General Assembly Meetings of members. He or she has the right to vote at these meetings, is eligible as a director but is not required to make a contribution or contribution to the Museum.<\/p>\n<p>The Builder Member title is awarded for life.&#8221;<\/p>\n<p>Jean B\u00e9lisle (founder)<br \/>Jean-Luc Louradour (founder)<br \/>Ga\u00ebtan Pilon (founder)<br \/>Laval Rhainds (volunteer)<br \/>Robert McDuff (volunteer)<br \/>Antoine Cloutier-B\u00e9lisle (volunteer)<br \/>Robert Adamczyk (donor)<br \/>Eddy Cl\u00e9ment (donor)<br \/>Oliver Berliner (donor)<br \/>Soci\u00e9t\u00e9 historique de Saint-Henri (founder)<\/p>\n<h2>MOEB Directors and Presidents<\/h2>\n\n<h3>Past and Current Directors<\/h3>\n<p>1992 &#8211; 2006 Nicole Cloutier (Director, volunteer)<br \/>2009 &#8211; 2013 Martin Boucher (Director, volunteer)<br \/>2014\u00a0&#8211; 2014 Meggie Savard (Development director, full-time employee)<br \/>2015 &#8211; 2018 Michel Forest (Director, part-time employee)<br \/>2019 &#8211; 2025 Anja Borck (Director, full-time employee)<br \/>2025 &#8211; present (To be annouced)<\/p>\n<h3>Past and Current Presidents<\/h3>\n<p>1992 &#8211; 1995 Louis Pilon<br \/>1995 &#8211; 1996 Nicole Cloutier<br \/>1997 &#8211; 1999 Fr\u00e9d\u00e9ric Letendre<br \/>1999 &#8211; 2001 Eddy Cl\u00e9ment<br \/>2001 &#8211; 2003 Martin Boucher<br \/>2003 &#8211; 2005 Nicole Cloutier<br \/>2005 &#8211; 2006 Ga\u00e9tan Pilon<br \/>2006 &#8211; 2011 Jean B\u00e9lisle<br \/>2011 &#8211; 2013 Jean-Pierre S\u00e9vigny<br \/>2013 &#8211; 2015 Ga\u00e9tan Pilon<br \/>2015 &#8211; 2025 Pierre M Valiquette<br \/>2025 &#8211; present Martin Duchesne<\/p>\n\n","protected":false},"excerpt":{"rendered":"<p>Board of Directors Martin Duchesne, President D\u00e9plier Text to come. Ga\u00e9tan Pilon, Treasurer D\u00e9plier Text to come. Jacques Drolet, Administrateur D\u00e9plier Drolet, Jacques. Jacques was a project manager for medium and high voltage power systems engineering from 1997 to 2017 for electrical utilities across Canada. Previously, as a project engineer, he worked in equipment procurement, [&hellip;]<\/p>\n","protected":false},"author":1,"featured_media":0,"parent":0,"menu_order":0,"comment_status":"closed","ping_status":"closed","template":"","meta":{"_acf_changed":false,"_genesis_hide_title":false,"_genesis_hide_breadcrumbs":false,"_genesis_hide_singular_image":false,"_genesis_hide_footer_widgets":false,"_genesis_custom_body_class":"","_genesis_custom_post_class":"","_genesis_layout":"","ngg_post_thumbnail":0,"footnotes":""},"class_list":{"0":"post-182","1":"page","2":"type-page","3":"status-publish","5":"entry"},"acf":[],"yoast_head":"<!-- This site is optimized with the Yoast SEO plugin v27.3 - https:\/\/yoast.com\/product\/yoast-seo-wordpress\/ -->\n<title>Directors and Staff - Mus\u00e9e des ondes Emile Berliner<\/title>\n<meta name=\"robots\" content=\"index, follow, max-snippet:-1, max-image-preview:large, max-video-preview:-1\" \/>\n<link rel=\"canonical\" href=\"https:\/\/moeb.ca\/en\/directors-and-staff\/\" \/>\n<meta property=\"og:locale\" content=\"en_US\" \/>\n<meta property=\"og:type\" content=\"article\" \/>\n<meta property=\"og:title\" content=\"Directors and Staff - Mus\u00e9e des ondes Emile Berliner\" \/>\n<meta property=\"og:description\" content=\"Board of Directors Martin Duchesne, President D\u00e9plier Text to come. Ga\u00e9tan Pilon, Treasurer D\u00e9plier Text to come. Jacques Drolet, Administrateur D\u00e9plier Drolet, Jacques. Jacques was a project manager for medium and high voltage power systems engineering from 1997 to 2017 for electrical utilities across Canada. Previously, as a project engineer, he worked in equipment procurement, [&hellip;]\" \/>\n<meta property=\"og:url\" content=\"https:\/\/moeb.ca\/en\/directors-and-staff\/\" \/>\n<meta property=\"og:site_name\" content=\"Mus\u00e9e des ondes Emile Berliner\" \/>\n<meta property=\"article:publisher\" content=\"https:\/\/www.facebook.com\/Mus%c3%a9e-des-ondes-Emile-Berliner-368583116562909\/\" \/>\n<meta property=\"article:modified_time\" content=\"2026-01-25T21:22:58+00:00\" \/>\n<meta name=\"twitter:card\" content=\"summary_large_image\" \/>\n<meta name=\"twitter:label1\" content=\"Est. reading time\" \/>\n\t<meta name=\"twitter:data1\" content=\"2 minutes\" \/>\n<script type=\"application\/ld+json\" class=\"yoast-schema-graph\">{\"@context\":\"https:\\\/\\\/schema.org\",\"@graph\":[{\"@type\":\"WebPage\",\"@id\":\"https:\\\/\\\/moeb.ca\\\/en\\\/directors-and-staff\\\/\",\"url\":\"https:\\\/\\\/moeb.ca\\\/en\\\/directors-and-staff\\\/\",\"name\":\"Directors and Staff - Mus\u00e9e des ondes Emile Berliner\",\"isPartOf\":{\"@id\":\"https:\\\/\\\/moeb.ca\\\/en\\\/#website\"},\"datePublished\":\"2014-12-14T16:50:27+00:00\",\"dateModified\":\"2026-01-25T21:22:58+00:00\",\"breadcrumb\":{\"@id\":\"https:\\\/\\\/moeb.ca\\\/en\\\/directors-and-staff\\\/#breadcrumb\"},\"inLanguage\":\"en-US\",\"potentialAction\":[{\"@type\":\"ReadAction\",\"target\":[\"https:\\\/\\\/moeb.ca\\\/en\\\/directors-and-staff\\\/\"]}]},{\"@type\":\"BreadcrumbList\",\"@id\":\"https:\\\/\\\/moeb.ca\\\/en\\\/directors-and-staff\\\/#breadcrumb\",\"itemListElement\":[{\"@type\":\"ListItem\",\"position\":1,\"name\":\"Home\",\"item\":\"https:\\\/\\\/moeb.ca\\\/en\\\/\"},{\"@type\":\"ListItem\",\"position\":2,\"name\":\"The Museum \u00bb Directors and Staff\"}]},{\"@type\":\"WebSite\",\"@id\":\"https:\\\/\\\/moeb.ca\\\/en\\\/#website\",\"url\":\"https:\\\/\\\/moeb.ca\\\/en\\\/\",\"name\":\"Mus\u00e9e des ondes Emile Berliner\",\"description\":\"Diffuser le patrimoine associ\u00e9 \u00e0 l&#039;histoire de l\u2019industrie des ondes sonores\",\"publisher\":{\"@id\":\"https:\\\/\\\/moeb.ca\\\/en\\\/#organization\"},\"potentialAction\":[{\"@type\":\"SearchAction\",\"target\":{\"@type\":\"EntryPoint\",\"urlTemplate\":\"https:\\\/\\\/moeb.ca\\\/en\\\/?s={search_term_string}\"},\"query-input\":{\"@type\":\"PropertyValueSpecification\",\"valueRequired\":true,\"valueName\":\"search_term_string\"}}],\"inLanguage\":\"en-US\"},{\"@type\":\"Organization\",\"@id\":\"https:\\\/\\\/moeb.ca\\\/en\\\/#organization\",\"name\":\"Mus\u00e9e des Ondes Emile Berliner\",\"url\":\"https:\\\/\\\/moeb.ca\\\/en\\\/\",\"logo\":{\"@type\":\"ImageObject\",\"inLanguage\":\"en-US\",\"@id\":\"https:\\\/\\\/moeb.ca\\\/en\\\/#\\\/schema\\\/logo\\\/image\\\/\",\"url\":\"https:\\\/\\\/moeb.ca\\\/wp-content\\\/uploads\\\/2020\\\/08\\\/moeb-logo.jpg\",\"contentUrl\":\"https:\\\/\\\/moeb.ca\\\/wp-content\\\/uploads\\\/2020\\\/08\\\/moeb-logo.jpg\",\"width\":225,\"height\":120,\"caption\":\"Mus\u00e9e des Ondes Emile Berliner\"},\"image\":{\"@id\":\"https:\\\/\\\/moeb.ca\\\/en\\\/#\\\/schema\\\/logo\\\/image\\\/\"},\"sameAs\":[\"https:\\\/\\\/www.facebook.com\\\/Mus\u00e9e-des-ondes-Emile-Berliner-368583116562909\\\/\"]}]}<\/script>\n<!-- \/ Yoast SEO plugin. -->","yoast_head_json":{"title":"Directors and Staff - Mus\u00e9e des ondes Emile Berliner","robots":{"index":"index","follow":"follow","max-snippet":"max-snippet:-1","max-image-preview":"max-image-preview:large","max-video-preview":"max-video-preview:-1"},"canonical":"https:\/\/moeb.ca\/en\/directors-and-staff\/","og_locale":"en_US","og_type":"article","og_title":"Directors and Staff - Mus\u00e9e des ondes Emile Berliner","og_description":"Board of Directors Martin Duchesne, President D\u00e9plier Text to come. Ga\u00e9tan Pilon, Treasurer D\u00e9plier Text to come. Jacques Drolet, Administrateur D\u00e9plier Drolet, Jacques. Jacques was a project manager for medium and high voltage power systems engineering from 1997 to 2017 for electrical utilities across Canada. Previously, as a project engineer, he worked in equipment procurement, [&hellip;]","og_url":"https:\/\/moeb.ca\/en\/directors-and-staff\/","og_site_name":"Mus\u00e9e des ondes Emile Berliner","article_publisher":"https:\/\/www.facebook.com\/Mus%c3%a9e-des-ondes-Emile-Berliner-368583116562909\/","article_modified_time":"2026-01-25T21:22:58+00:00","twitter_card":"summary_large_image","twitter_misc":{"Est. reading time":"2 minutes"},"schema":{"@context":"https:\/\/schema.org","@graph":[{"@type":"WebPage","@id":"https:\/\/moeb.ca\/en\/directors-and-staff\/","url":"https:\/\/moeb.ca\/en\/directors-and-staff\/","name":"Directors and Staff - Mus\u00e9e des ondes Emile Berliner","isPartOf":{"@id":"https:\/\/moeb.ca\/en\/#website"},"datePublished":"2014-12-14T16:50:27+00:00","dateModified":"2026-01-25T21:22:58+00:00","breadcrumb":{"@id":"https:\/\/moeb.ca\/en\/directors-and-staff\/#breadcrumb"},"inLanguage":"en-US","potentialAction":[{"@type":"ReadAction","target":["https:\/\/moeb.ca\/en\/directors-and-staff\/"]}]},{"@type":"BreadcrumbList","@id":"https:\/\/moeb.ca\/en\/directors-and-staff\/#breadcrumb","itemListElement":[{"@type":"ListItem","position":1,"name":"Home","item":"https:\/\/moeb.ca\/en\/"},{"@type":"ListItem","position":2,"name":"The Museum \u00bb Directors and Staff"}]},{"@type":"WebSite","@id":"https:\/\/moeb.ca\/en\/#website","url":"https:\/\/moeb.ca\/en\/","name":"Mus\u00e9e des ondes Emile Berliner","description":"Diffuser le patrimoine associ\u00e9 \u00e0 l&#039;histoire de l\u2019industrie des ondes sonores","publisher":{"@id":"https:\/\/moeb.ca\/en\/#organization"},"potentialAction":[{"@type":"SearchAction","target":{"@type":"EntryPoint","urlTemplate":"https:\/\/moeb.ca\/en\/?s={search_term_string}"},"query-input":{"@type":"PropertyValueSpecification","valueRequired":true,"valueName":"search_term_string"}}],"inLanguage":"en-US"},{"@type":"Organization","@id":"https:\/\/moeb.ca\/en\/#organization","name":"Mus\u00e9e des Ondes Emile Berliner","url":"https:\/\/moeb.ca\/en\/","logo":{"@type":"ImageObject","inLanguage":"en-US","@id":"https:\/\/moeb.ca\/en\/#\/schema\/logo\/image\/","url":"https:\/\/moeb.ca\/wp-content\/uploads\/2020\/08\/moeb-logo.jpg","contentUrl":"https:\/\/moeb.ca\/wp-content\/uploads\/2020\/08\/moeb-logo.jpg","width":225,"height":120,"caption":"Mus\u00e9e des Ondes Emile Berliner"},"image":{"@id":"https:\/\/moeb.ca\/en\/#\/schema\/logo\/image\/"},"sameAs":["https:\/\/www.facebook.com\/Mus\u00e9e-des-ondes-Emile-Berliner-368583116562909\/"]}]}},"_links":{"self":[{"href":"https:\/\/moeb.ca\/en\/wp-json\/wp\/v2\/pages\/182","targetHints":{"allow":["GET"]}}],"collection":[{"href":"https:\/\/moeb.ca\/en\/wp-json\/wp\/v2\/pages"}],"about":[{"href":"https:\/\/moeb.ca\/en\/wp-json\/wp\/v2\/types\/page"}],"author":[{"embeddable":true,"href":"https:\/\/moeb.ca\/en\/wp-json\/wp\/v2\/users\/1"}],"replies":[{"embeddable":true,"href":"https:\/\/moeb.ca\/en\/wp-json\/wp\/v2\/comments?post=182"}],"version-history":[{"count":0,"href":"https:\/\/moeb.ca\/en\/wp-json\/wp\/v2\/pages\/182\/revisions"}],"wp:attachment":[{"href":"https:\/\/moeb.ca\/en\/wp-json\/wp\/v2\/media?parent=182"}],"curies":[{"name":"wp","href":"https:\/\/api.w.org\/{rel}","templated":true}]}}