{"id":252,"date":"2020-10-14T09:22:25","date_gmt":"2020-10-14T13:22:25","guid":{"rendered":"https:\/\/devel.moeb.ca\/his-masters-voice\/"},"modified":"2021-09-29T15:50:12","modified_gmt":"2021-09-29T19:50:12","slug":"his-masters-voice","status":"publish","type":"page","link":"https:\/\/moeb.ca\/en\/his-masters-voice\/","title":{"rendered":"His Master&#8217;s Voice"},"content":{"rendered":"<h2>Edition published in 2020<\/h2>\n<div style=\"float: left; text-align: center;\">\n<p><a href=\"https:\/\/moeb.ca\/wp-content\/pdf\/bulletin\/HMV-august-2020.pdf\" target=\"_blank\" rel=\"noopener\"><img decoding=\"async\" class=\"size-full wp-image-221\" style=\"width: 150px;\" src=\"https:\/\/moeb.ca\/wp-content\/pdf\/bulletin\/HMV-august-2020.jpg\" alt=\"August\" width=\"0\" height=\"0\" \/><br \/>\nAugust<\/a><\/p>\n<\/div>\n<div style=\"clear: both;\"><\/div>\n<h2>Editions published in 2019<\/h2>\n<div style=\"float: left; text-align: center;\">\n<p><a href=\"https:\/\/moeb.ca\/wp-content\/pdf\/bulletin\/HMV-august-2019.pdf\" target=\"_blank\" rel=\"noopener\"><img decoding=\"async\" class=\"size-full wp-image-221\" style=\"width: 150px;\" src=\"https:\/\/moeb.ca\/wp-content\/pdf\/bulletin\/HMV-august-2019.jpg\" alt=\"August\" width=\"0\" height=\"0\" \/><br \/>\nAugust<\/a><\/p>\n<\/div>\n<div style=\"float: left; margin-left: 20px; text-align: center;\">\n<p><a href=\"https:\/\/moeb.ca\/wp-content\/pdf\/bulletin\/HMV-dec-2019.pdf\" target=\"_blank\" rel=\"noopener\"><img decoding=\"async\" class=\"size-full wp-image-227\" style=\"width: 150px;\" src=\"https:\/\/moeb.ca\/wp-content\/pdf\/bulletin\/HMV-dec-2019.jpg\" alt=\"December\" width=\"0\" height=\"0\" \/><br \/>\nDecember<\/a><\/p>\n<\/div>\n<div style=\"clear: both;\"><\/div>\n<h2>Editions published in 2018<\/h2>\n<div style=\"float: left; text-align: center;\">\n<p><a href=\"https:\/\/moeb.ca\/wp-content\/pdf\/bulletin\/HMV-july-2018.pdf\" target=\"_blank\" rel=\"noopener\"><img decoding=\"async\" class=\" size-full wp-image-221\" style=\"width: 150px;\" src=\"https:\/\/moeb.ca\/wp-content\/uploads\/2017\/09\/HMV-july-2018.jpg\" alt=\"July\" width=\"0\" height=\"0\" \/><br \/>\nJuly<\/a><\/p>\n<\/div>\n<div style=\"float: left; margin-left: 20px; text-align: center;\">\n<p><a href=\"https:\/\/moeb.ca\/wp-content\/pdf\/bulletin\/HMV-dec-2018.pdf\" target=\"_blank\" rel=\"noopener\"><img decoding=\"async\" class=\" size-full wp-image-227\" style=\"width: 150px;\" src=\"https:\/\/moeb.ca\/wp-content\/uploads\/2017\/09\/HMV-dec-2018.jpg\" alt=\"December\" width=\"0\" height=\"0\" \/><br \/>\nDecember<\/a><\/p>\n<\/div>\n<div style=\"clear: both;\"><\/div>\n<h2>Editions published in 2017<\/h2>\n<div style=\"float: left; text-align: center;\">\n<p><a href=\"https:\/\/moeb.ca\/wp-content\/pdf\/bulletin\/HMV-jan-march-2017.pdf\" target=\"_blank\" rel=\"noopener\"><img decoding=\"async\" class=\" size-full wp-image-231\" style=\"width: 150px;\" src=\"https:\/\/moeb.ca\/wp-content\/uploads\/2017\/09\/HMV-jan-march-2017.jpg\" alt=\"January-February-March\" width=\"0\" height=\"0\" \/><br \/>\nJanuary-February-March<\/a><\/p>\n<\/div>\n<div style=\"float: left; margin-left: 20px; text-align: center;\">\n<p><a href=\"https:\/\/moeb.ca\/wp-content\/pdf\/bulletin\/HMV-dec-2017.pdf\" target=\"_blank\" rel=\"noopener\"><img decoding=\"async\" class=\" size-full wp-image-235\" style=\"width: 150px;\" src=\"https:\/\/moeb.ca\/wp-content\/uploads\/2017\/09\/HMV-dec-2017.jpg\" alt=\"December\" width=\"0\" height=\"0\" \/><br \/>\nDecember<\/a><\/p>\n<\/div>\n<div style=\"clear: both;\"><\/div>\n<h2>Editions published in 2016<\/h2>\n<div style=\"float: left; text-align: center;\">\n<p><a href=\"https:\/\/moeb.ca\/wp-content\/pdf\/bulletin\/HMV-jan-march-2016.pdf\" target=\"_blank\" rel=\"noopener\"><img decoding=\"async\" class=\" size-full wp-image-239\" style=\"width: 150px; height: 187px;\" src=\"https:\/\/moeb.ca\/wp-content\/uploads\/2017\/09\/HMV-jan-march-2016.jpg\" alt=\"\" width=\"0\" height=\"0\" \/><br \/>\nJanuary-February-March<\/a><\/p>\n<\/div>\n<div style=\"float: left; margin-left: 20px; text-align: center;\">\n<p><a href=\"https:\/\/moeb.ca\/wp-content\/pdf\/bulletin\/HMV-apr-june-2016.pdf\" target=\"_blank\" rel=\"noopener\"><img decoding=\"async\" class=\" size-full wp-image-243\" style=\"width: 150px; height: 187px;\" src=\"https:\/\/moeb.ca\/wp-content\/uploads\/2017\/09\/HMV-apr-june-2016.jpg\" alt=\"April-June\" width=\"0\" height=\"0\" \/><br \/>\nApril-June<\/a><\/p>\n<\/div>\n<div style=\"float: left; margin-left: 20px; text-align: center;\">\n<p><a href=\"https:\/\/moeb.ca\/wp-content\/pdf\/bulletin\/HMV-july-dec-2016.pdf\" target=\"_blank\" rel=\"noopener\"><img decoding=\"async\" class=\" size-full wp-image-247\" style=\"width: 150px; height: 187px;\" src=\"https:\/\/moeb.ca\/wp-content\/uploads\/2017\/09\/HMV-july-dec-2016.jpg\" alt=\"July-December\" width=\"0\" height=\"0\" \/><br \/>\nJuly-December<\/a><\/p>\n<\/div>\n<div style=\"clear: both;\"><\/div>\n<h2>Edition published in 2015<\/h2>\n<div style=\"text-align: center; width: 150px;\">\n<p><a href=\"https:\/\/moeb.ca\/wp-content\/pdf\/bulletin\/HMV-oct-dec-2015.pdf\" target=\"_blank\" rel=\"noopener\"><img decoding=\"async\" class=\" size-full wp-image-251\" style=\"width: 150px; height: 194px;\" src=\"https:\/\/moeb.ca\/wp-content\/uploads\/2017\/09\/HMV-oct-dec-2015.jpg\" alt=\"October-December\" width=\"0\" height=\"0\" \/><br \/>\nOctober-December<\/a><\/p>\n<\/div>\n","protected":false},"excerpt":{"rendered":"<p>Edition published in 2020 August Editions published in 2019 August December Editions published in 2018 July December Editions published in 2017 January-February-March December Editions published in 2016 January-February-March April-June July-December Edition published in 2015 October-December<\/p>\n","protected":false},"author":1,"featured_media":220,"parent":0,"menu_order":0,"comment_status":"closed","ping_status":"closed","template":"","meta":{"_acf_changed":false,"_genesis_hide_title":false,"_genesis_hide_breadcrumbs":false,"_genesis_hide_singular_image":false,"_genesis_hide_footer_widgets":false,"_genesis_custom_body_class":"","_genesis_custom_post_class":"","_genesis_layout":"","ngg_post_thumbnail":0,"footnotes":""},"class_list":{"0":"post-252","1":"page","2":"type-page","3":"status-publish","4":"has-post-thumbnail","6":"entry"},"acf":[],"yoast_head":"<!-- This site is optimized with the Yoast SEO plugin v27.4 - https:\/\/yoast.com\/product\/yoast-seo-wordpress\/ -->\n<title>His Master&#039;s Voice - Mus\u00e9e des ondes Emile Berliner<\/title>\n<meta name=\"robots\" content=\"index, follow, max-snippet:-1, max-image-preview:large, max-video-preview:-1\" \/>\n<link rel=\"canonical\" href=\"https:\/\/moeb.ca\/en\/his-masters-voice\/\" \/>\n<meta property=\"og:locale\" content=\"en_US\" \/>\n<meta property=\"og:type\" content=\"article\" \/>\n<meta property=\"og:title\" content=\"His Master&#039;s Voice - Mus\u00e9e des ondes Emile Berliner\" \/>\n<meta property=\"og:description\" content=\"Edition published in 2020 August Editions published in 2019 August December Editions published in 2018 July December Editions published in 2017 January-February-March December Editions published in 2016 January-February-March April-June July-December Edition published in 2015 October-December\" \/>\n<meta property=\"og:url\" content=\"https:\/\/moeb.ca\/en\/his-masters-voice\/\" \/>\n<meta property=\"og:site_name\" content=\"Mus\u00e9e des ondes Emile Berliner\" \/>\n<meta property=\"article:publisher\" content=\"https:\/\/www.facebook.com\/Mus%c3%a9e-des-ondes-Emile-Berliner-368583116562909\/\" \/>\n<meta property=\"article:modified_time\" content=\"2021-09-29T19:50:12+00:00\" \/>\n<meta property=\"og:image\" content=\"https:\/\/moeb.ca\/wp-content\/uploads\/2017\/09\/HMV-july-2018.jpg\" \/>\n\t<meta property=\"og:image:width\" content=\"150\" \/>\n\t<meta property=\"og:image:height\" content=\"187\" \/>\n\t<meta property=\"og:image:type\" content=\"image\/jpeg\" \/>\n<meta name=\"twitter:card\" content=\"summary_large_image\" \/>\n<script type=\"application\/ld+json\" class=\"yoast-schema-graph\">{\"@context\":\"https:\\\/\\\/schema.org\",\"@graph\":[{\"@type\":\"WebPage\",\"@id\":\"https:\\\/\\\/moeb.ca\\\/en\\\/his-masters-voice\\\/\",\"url\":\"https:\\\/\\\/moeb.ca\\\/en\\\/his-masters-voice\\\/\",\"name\":\"His Master's Voice - Mus\u00e9e des ondes Emile Berliner\",\"isPartOf\":{\"@id\":\"https:\\\/\\\/moeb.ca\\\/en\\\/#website\"},\"primaryImageOfPage\":{\"@id\":\"https:\\\/\\\/moeb.ca\\\/en\\\/his-masters-voice\\\/#primaryimage\"},\"image\":{\"@id\":\"https:\\\/\\\/moeb.ca\\\/en\\\/his-masters-voice\\\/#primaryimage\"},\"thumbnailUrl\":\"https:\\\/\\\/moeb.ca\\\/wp-content\\\/uploads\\\/2017\\\/09\\\/HMV-july-2018.jpg\",\"datePublished\":\"2020-10-14T13:22:25+00:00\",\"dateModified\":\"2021-09-29T19:50:12+00:00\",\"breadcrumb\":{\"@id\":\"https:\\\/\\\/moeb.ca\\\/en\\\/his-masters-voice\\\/#breadcrumb\"},\"inLanguage\":\"en-US\",\"potentialAction\":[{\"@type\":\"ReadAction\",\"target\":[\"https:\\\/\\\/moeb.ca\\\/en\\\/his-masters-voice\\\/\"]}]},{\"@type\":\"ImageObject\",\"inLanguage\":\"en-US\",\"@id\":\"https:\\\/\\\/moeb.ca\\\/en\\\/his-masters-voice\\\/#primaryimage\",\"url\":\"https:\\\/\\\/moeb.ca\\\/wp-content\\\/uploads\\\/2017\\\/09\\\/HMV-july-2018.jpg\",\"contentUrl\":\"https:\\\/\\\/moeb.ca\\\/wp-content\\\/uploads\\\/2017\\\/09\\\/HMV-july-2018.jpg\",\"width\":150,\"height\":187,\"caption\":\"July\"},{\"@type\":\"BreadcrumbList\",\"@id\":\"https:\\\/\\\/moeb.ca\\\/en\\\/his-masters-voice\\\/#breadcrumb\",\"itemListElement\":[{\"@type\":\"ListItem\",\"position\":1,\"name\":\"Home\",\"item\":\"https:\\\/\\\/moeb.ca\\\/en\\\/\"},{\"@type\":\"ListItem\",\"position\":2,\"name\":\"Online Service \u00bb His Master's Voice\"}]},{\"@type\":\"WebSite\",\"@id\":\"https:\\\/\\\/moeb.ca\\\/en\\\/#website\",\"url\":\"https:\\\/\\\/moeb.ca\\\/en\\\/\",\"name\":\"Mus\u00e9e des ondes Emile Berliner\",\"description\":\"Diffuser le patrimoine associ\u00e9 \u00e0 l&#039;histoire de l\u2019industrie des ondes sonores\",\"publisher\":{\"@id\":\"https:\\\/\\\/moeb.ca\\\/en\\\/#organization\"},\"potentialAction\":[{\"@type\":\"SearchAction\",\"target\":{\"@type\":\"EntryPoint\",\"urlTemplate\":\"https:\\\/\\\/moeb.ca\\\/en\\\/?s={search_term_string}\"},\"query-input\":{\"@type\":\"PropertyValueSpecification\",\"valueRequired\":true,\"valueName\":\"search_term_string\"}}],\"inLanguage\":\"en-US\"},{\"@type\":\"Organization\",\"@id\":\"https:\\\/\\\/moeb.ca\\\/en\\\/#organization\",\"name\":\"Mus\u00e9e des Ondes Emile Berliner\",\"url\":\"https:\\\/\\\/moeb.ca\\\/en\\\/\",\"logo\":{\"@type\":\"ImageObject\",\"inLanguage\":\"en-US\",\"@id\":\"https:\\\/\\\/moeb.ca\\\/en\\\/#\\\/schema\\\/logo\\\/image\\\/\",\"url\":\"https:\\\/\\\/moeb.ca\\\/wp-content\\\/uploads\\\/2020\\\/08\\\/moeb-logo.jpg\",\"contentUrl\":\"https:\\\/\\\/moeb.ca\\\/wp-content\\\/uploads\\\/2020\\\/08\\\/moeb-logo.jpg\",\"width\":225,\"height\":120,\"caption\":\"Mus\u00e9e des Ondes Emile Berliner\"},\"image\":{\"@id\":\"https:\\\/\\\/moeb.ca\\\/en\\\/#\\\/schema\\\/logo\\\/image\\\/\"},\"sameAs\":[\"https:\\\/\\\/www.facebook.com\\\/Mus\u00e9e-des-ondes-Emile-Berliner-368583116562909\\\/\"]}]}<\/script>\n<!-- \/ Yoast SEO plugin. -->","yoast_head_json":{"title":"His Master's Voice - Mus\u00e9e des ondes Emile Berliner","robots":{"index":"index","follow":"follow","max-snippet":"max-snippet:-1","max-image-preview":"max-image-preview:large","max-video-preview":"max-video-preview:-1"},"canonical":"https:\/\/moeb.ca\/en\/his-masters-voice\/","og_locale":"en_US","og_type":"article","og_title":"His Master's Voice - Mus\u00e9e des ondes Emile Berliner","og_description":"Edition published in 2020 August Editions published in 2019 August December Editions published in 2018 July December Editions published in 2017 January-February-March December Editions published in 2016 January-February-March April-June July-December Edition published in 2015 October-December","og_url":"https:\/\/moeb.ca\/en\/his-masters-voice\/","og_site_name":"Mus\u00e9e des ondes Emile Berliner","article_publisher":"https:\/\/www.facebook.com\/Mus%c3%a9e-des-ondes-Emile-Berliner-368583116562909\/","article_modified_time":"2021-09-29T19:50:12+00:00","og_image":[{"width":150,"height":187,"url":"https:\/\/moeb.ca\/wp-content\/uploads\/2017\/09\/HMV-july-2018.jpg","type":"image\/jpeg"}],"twitter_card":"summary_large_image","schema":{"@context":"https:\/\/schema.org","@graph":[{"@type":"WebPage","@id":"https:\/\/moeb.ca\/en\/his-masters-voice\/","url":"https:\/\/moeb.ca\/en\/his-masters-voice\/","name":"His Master's Voice - Mus\u00e9e des ondes Emile Berliner","isPartOf":{"@id":"https:\/\/moeb.ca\/en\/#website"},"primaryImageOfPage":{"@id":"https:\/\/moeb.ca\/en\/his-masters-voice\/#primaryimage"},"image":{"@id":"https:\/\/moeb.ca\/en\/his-masters-voice\/#primaryimage"},"thumbnailUrl":"https:\/\/moeb.ca\/wp-content\/uploads\/2017\/09\/HMV-july-2018.jpg","datePublished":"2020-10-14T13:22:25+00:00","dateModified":"2021-09-29T19:50:12+00:00","breadcrumb":{"@id":"https:\/\/moeb.ca\/en\/his-masters-voice\/#breadcrumb"},"inLanguage":"en-US","potentialAction":[{"@type":"ReadAction","target":["https:\/\/moeb.ca\/en\/his-masters-voice\/"]}]},{"@type":"ImageObject","inLanguage":"en-US","@id":"https:\/\/moeb.ca\/en\/his-masters-voice\/#primaryimage","url":"https:\/\/moeb.ca\/wp-content\/uploads\/2017\/09\/HMV-july-2018.jpg","contentUrl":"https:\/\/moeb.ca\/wp-content\/uploads\/2017\/09\/HMV-july-2018.jpg","width":150,"height":187,"caption":"July"},{"@type":"BreadcrumbList","@id":"https:\/\/moeb.ca\/en\/his-masters-voice\/#breadcrumb","itemListElement":[{"@type":"ListItem","position":1,"name":"Home","item":"https:\/\/moeb.ca\/en\/"},{"@type":"ListItem","position":2,"name":"Online Service \u00bb His Master's Voice"}]},{"@type":"WebSite","@id":"https:\/\/moeb.ca\/en\/#website","url":"https:\/\/moeb.ca\/en\/","name":"Mus\u00e9e des ondes Emile Berliner","description":"Diffuser le patrimoine associ\u00e9 \u00e0 l&#039;histoire de l\u2019industrie des ondes sonores","publisher":{"@id":"https:\/\/moeb.ca\/en\/#organization"},"potentialAction":[{"@type":"SearchAction","target":{"@type":"EntryPoint","urlTemplate":"https:\/\/moeb.ca\/en\/?s={search_term_string}"},"query-input":{"@type":"PropertyValueSpecification","valueRequired":true,"valueName":"search_term_string"}}],"inLanguage":"en-US"},{"@type":"Organization","@id":"https:\/\/moeb.ca\/en\/#organization","name":"Mus\u00e9e des Ondes Emile Berliner","url":"https:\/\/moeb.ca\/en\/","logo":{"@type":"ImageObject","inLanguage":"en-US","@id":"https:\/\/moeb.ca\/en\/#\/schema\/logo\/image\/","url":"https:\/\/moeb.ca\/wp-content\/uploads\/2020\/08\/moeb-logo.jpg","contentUrl":"https:\/\/moeb.ca\/wp-content\/uploads\/2020\/08\/moeb-logo.jpg","width":225,"height":120,"caption":"Mus\u00e9e des Ondes Emile Berliner"},"image":{"@id":"https:\/\/moeb.ca\/en\/#\/schema\/logo\/image\/"},"sameAs":["https:\/\/www.facebook.com\/Mus\u00e9e-des-ondes-Emile-Berliner-368583116562909\/"]}]}},"_links":{"self":[{"href":"https:\/\/moeb.ca\/en\/wp-json\/wp\/v2\/pages\/252","targetHints":{"allow":["GET"]}}],"collection":[{"href":"https:\/\/moeb.ca\/en\/wp-json\/wp\/v2\/pages"}],"about":[{"href":"https:\/\/moeb.ca\/en\/wp-json\/wp\/v2\/types\/page"}],"author":[{"embeddable":true,"href":"https:\/\/moeb.ca\/en\/wp-json\/wp\/v2\/users\/1"}],"replies":[{"embeddable":true,"href":"https:\/\/moeb.ca\/en\/wp-json\/wp\/v2\/comments?post=252"}],"version-history":[{"count":0,"href":"https:\/\/moeb.ca\/en\/wp-json\/wp\/v2\/pages\/252\/revisions"}],"wp:featuredmedia":[{"embeddable":true,"href":"https:\/\/moeb.ca\/en\/wp-json\/wp\/v2\/media\/220"}],"wp:attachment":[{"href":"https:\/\/moeb.ca\/en\/wp-json\/wp\/v2\/media?parent=252"}],"curies":[{"name":"wp","href":"https:\/\/api.w.org\/{rel}","templated":true}]}}