{"id":2761,"date":"2022-10-07T13:57:50","date_gmt":"2022-10-07T17:57:50","guid":{"rendered":"https:\/\/moeb.ca\/lets-celebrate-at-moeb\/"},"modified":"2023-09-27T14:29:58","modified_gmt":"2023-09-27T18:29:58","slug":"30th-anniversary","status":"publish","type":"page","link":"https:\/\/moeb.ca\/en\/30th-anniversary\/","title":{"rendered":"Let\u2019s celebrate at MOEB!"},"content":{"rendered":"\n<h2>\n\t\tThe Mus\u00e9e Turns 30\n\t<\/h2>\n\t<strong>When:<\/strong>\tSaturday, October 22, 2022 at 7 PM<br \/>\n<strong>Where:<\/strong> 1050, rue Lacasse, RCA Studio, free parking<br \/>\n<strong>What:<\/strong> Jazz with Michael Judson Group, including food and drinks<br \/>\n<strong>Tickets:<\/strong> $50 regular, $25 for under age 30\n<h3>\n\t\tTickets for the Fundraising Activity\n\t<\/h3>\n\t<iframe id='widgetFrame' src='https:\/\/www.findjoo.com\/POS\/Widget\/bc153580-6db8-4b21-84f6-aa72010854ad?editId=cc01f879-adc1-4c16-bda4-472c44aa5bfe&#038;hideBookings=true&#038;hideCourses=true&#038;hideProducts=true&#038;singleItem=true&#038;language=en' style='width: 99%; min-height: 400px; overflow-y: hidden' frameborder='0' scrolling='no' seamless='seamless'><\/iframe>\n\n","protected":false},"excerpt":{"rendered":"<p>The Mus\u00e9e Turns 30 When: Saturday, October 22, 2022 at 7 PM Where: 1050, rue Lacasse, RCA Studio, free parking What: Jazz with Michael Judson Group, including food and drinks Tickets: $50 regular, $25 for under age 30 Tickets for the Fundraising Activity<\/p>\n","protected":false},"author":1,"featured_media":0,"parent":0,"menu_order":0,"comment_status":"closed","ping_status":"closed","template":"","meta":{"_acf_changed":false,"_genesis_hide_title":false,"_genesis_hide_breadcrumbs":false,"_genesis_hide_singular_image":false,"_genesis_hide_footer_widgets":false,"_genesis_custom_body_class":"","_genesis_custom_post_class":"","_genesis_layout":"","ngg_post_thumbnail":0,"footnotes":""},"class_list":{"0":"post-2761","1":"page","2":"type-page","3":"status-publish","5":"entry"},"acf":[],"yoast_head":"<!-- This site is optimized with the Yoast SEO plugin v27.5 - https:\/\/yoast.com\/product\/yoast-seo-wordpress\/ -->\n<title>Let\u2019s celebrate at MOEB! - Mus\u00e9e des ondes Emile Berliner<\/title>\n<meta name=\"robots\" content=\"index, follow, max-snippet:-1, max-image-preview:large, max-video-preview:-1\" \/>\n<link rel=\"canonical\" href=\"https:\/\/moeb.ca\/en\/30th-anniversary\/\" \/>\n<meta property=\"og:locale\" content=\"en_US\" \/>\n<meta property=\"og:type\" content=\"article\" \/>\n<meta property=\"og:title\" content=\"Let\u2019s celebrate the Mus\u00e9e des ondes Emile Berliner!\" \/>\n<meta property=\"og:description\" content=\"The Mus\u00e9e Turns 30 When: Saturday, October 22, 2022 at 7 PM Where: 1050, rue Lacasse, RCA Studio, free parking What: Jazz with Michael Judson Group, including food and drinks Tickets: $50 regular, $25 for under age 30 Tickets for the Fundraising Activity\" \/>\n<meta property=\"og:url\" content=\"https:\/\/moeb.ca\/en\/30th-anniversary\/\" \/>\n<meta property=\"og:site_name\" content=\"Mus\u00e9e des ondes Emile Berliner\" \/>\n<meta property=\"article:publisher\" content=\"https:\/\/www.facebook.com\/Mus%c3%a9e-des-ondes-Emile-Berliner-368583116562909\/\" \/>\n<meta property=\"article:modified_time\" content=\"2023-09-27T18:29:58+00:00\" \/>\n<meta property=\"og:image\" content=\"https:\/\/moeb.ca\/wp-content\/uploads\/2022\/10\/Promo-30e-anniversaire-1024x547.jpg\" \/>\n<meta name=\"twitter:card\" content=\"summary_large_image\" \/>\n<meta name=\"twitter:title\" content=\"Let\u2019s celebrate the Mus\u00e9e des ondes Emile Berliner!\" \/>\n<meta name=\"twitter:image\" content=\"https:\/\/moeb.ca\/wp-content\/uploads\/2022\/10\/Promo-30e-anniversaire-1024x547.jpg\" \/>\n<script type=\"application\/ld+json\" class=\"yoast-schema-graph\">{\"@context\":\"https:\\\/\\\/schema.org\",\"@graph\":[{\"@type\":\"WebPage\",\"@id\":\"https:\\\/\\\/moeb.ca\\\/en\\\/30th-anniversary\\\/\",\"url\":\"https:\\\/\\\/moeb.ca\\\/en\\\/30th-anniversary\\\/\",\"name\":\"Let\u2019s celebrate at MOEB! - Mus\u00e9e des ondes Emile Berliner\",\"isPartOf\":{\"@id\":\"https:\\\/\\\/moeb.ca\\\/en\\\/#website\"},\"datePublished\":\"2022-10-07T17:57:50+00:00\",\"dateModified\":\"2023-09-27T18:29:58+00:00\",\"breadcrumb\":{\"@id\":\"https:\\\/\\\/moeb.ca\\\/en\\\/30th-anniversary\\\/#breadcrumb\"},\"inLanguage\":\"en-US\",\"potentialAction\":[{\"@type\":\"ReadAction\",\"target\":[\"https:\\\/\\\/moeb.ca\\\/en\\\/30th-anniversary\\\/\"]}]},{\"@type\":\"BreadcrumbList\",\"@id\":\"https:\\\/\\\/moeb.ca\\\/en\\\/30th-anniversary\\\/#breadcrumb\",\"itemListElement\":[{\"@type\":\"ListItem\",\"position\":1,\"name\":\"Home\",\"item\":\"https:\\\/\\\/moeb.ca\\\/en\\\/\"},{\"@type\":\"ListItem\",\"position\":2,\"name\":\"Let\u2019s celebrate at MOEB!\"}]},{\"@type\":\"WebSite\",\"@id\":\"https:\\\/\\\/moeb.ca\\\/en\\\/#website\",\"url\":\"https:\\\/\\\/moeb.ca\\\/en\\\/\",\"name\":\"Mus\u00e9e des ondes Emile Berliner\",\"description\":\"Diffuser le patrimoine associ\u00e9 \u00e0 l&#039;histoire de l\u2019industrie des ondes sonores\",\"publisher\":{\"@id\":\"https:\\\/\\\/moeb.ca\\\/en\\\/#organization\"},\"potentialAction\":[{\"@type\":\"SearchAction\",\"target\":{\"@type\":\"EntryPoint\",\"urlTemplate\":\"https:\\\/\\\/moeb.ca\\\/en\\\/?s={search_term_string}\"},\"query-input\":{\"@type\":\"PropertyValueSpecification\",\"valueRequired\":true,\"valueName\":\"search_term_string\"}}],\"inLanguage\":\"en-US\"},{\"@type\":\"Organization\",\"@id\":\"https:\\\/\\\/moeb.ca\\\/en\\\/#organization\",\"name\":\"Mus\u00e9e des Ondes Emile Berliner\",\"url\":\"https:\\\/\\\/moeb.ca\\\/en\\\/\",\"logo\":{\"@type\":\"ImageObject\",\"inLanguage\":\"en-US\",\"@id\":\"https:\\\/\\\/moeb.ca\\\/en\\\/#\\\/schema\\\/logo\\\/image\\\/\",\"url\":\"https:\\\/\\\/moeb.ca\\\/wp-content\\\/uploads\\\/2020\\\/08\\\/moeb-logo.jpg\",\"contentUrl\":\"https:\\\/\\\/moeb.ca\\\/wp-content\\\/uploads\\\/2020\\\/08\\\/moeb-logo.jpg\",\"width\":225,\"height\":120,\"caption\":\"Mus\u00e9e des Ondes Emile Berliner\"},\"image\":{\"@id\":\"https:\\\/\\\/moeb.ca\\\/en\\\/#\\\/schema\\\/logo\\\/image\\\/\"},\"sameAs\":[\"https:\\\/\\\/www.facebook.com\\\/Mus\u00e9e-des-ondes-Emile-Berliner-368583116562909\\\/\"]}]}<\/script>\n<!-- \/ Yoast SEO plugin. -->","yoast_head_json":{"title":"Let\u2019s celebrate at MOEB! - Mus\u00e9e des ondes Emile Berliner","robots":{"index":"index","follow":"follow","max-snippet":"max-snippet:-1","max-image-preview":"max-image-preview:large","max-video-preview":"max-video-preview:-1"},"canonical":"https:\/\/moeb.ca\/en\/30th-anniversary\/","og_locale":"en_US","og_type":"article","og_title":"Let\u2019s celebrate the Mus\u00e9e des ondes Emile Berliner!","og_description":"The Mus\u00e9e Turns 30 When: Saturday, October 22, 2022 at 7 PM Where: 1050, rue Lacasse, RCA Studio, free parking What: Jazz with Michael Judson Group, including food and drinks Tickets: $50 regular, $25 for under age 30 Tickets for the Fundraising Activity","og_url":"https:\/\/moeb.ca\/en\/30th-anniversary\/","og_site_name":"Mus\u00e9e des ondes Emile Berliner","article_publisher":"https:\/\/www.facebook.com\/Mus%c3%a9e-des-ondes-Emile-Berliner-368583116562909\/","article_modified_time":"2023-09-27T18:29:58+00:00","og_image":[{"url":"https:\/\/moeb.ca\/wp-content\/uploads\/2022\/10\/Promo-30e-anniversaire-1024x547.jpg","type":"","width":"","height":""}],"twitter_card":"summary_large_image","twitter_title":"Let\u2019s celebrate the Mus\u00e9e des ondes Emile Berliner!","twitter_image":"https:\/\/moeb.ca\/wp-content\/uploads\/2022\/10\/Promo-30e-anniversaire-1024x547.jpg","schema":{"@context":"https:\/\/schema.org","@graph":[{"@type":"WebPage","@id":"https:\/\/moeb.ca\/en\/30th-anniversary\/","url":"https:\/\/moeb.ca\/en\/30th-anniversary\/","name":"Let\u2019s celebrate at MOEB! - Mus\u00e9e des ondes Emile Berliner","isPartOf":{"@id":"https:\/\/moeb.ca\/en\/#website"},"datePublished":"2022-10-07T17:57:50+00:00","dateModified":"2023-09-27T18:29:58+00:00","breadcrumb":{"@id":"https:\/\/moeb.ca\/en\/30th-anniversary\/#breadcrumb"},"inLanguage":"en-US","potentialAction":[{"@type":"ReadAction","target":["https:\/\/moeb.ca\/en\/30th-anniversary\/"]}]},{"@type":"BreadcrumbList","@id":"https:\/\/moeb.ca\/en\/30th-anniversary\/#breadcrumb","itemListElement":[{"@type":"ListItem","position":1,"name":"Home","item":"https:\/\/moeb.ca\/en\/"},{"@type":"ListItem","position":2,"name":"Let\u2019s celebrate at MOEB!"}]},{"@type":"WebSite","@id":"https:\/\/moeb.ca\/en\/#website","url":"https:\/\/moeb.ca\/en\/","name":"Mus\u00e9e des ondes Emile Berliner","description":"Diffuser le patrimoine associ\u00e9 \u00e0 l&#039;histoire de l\u2019industrie des ondes sonores","publisher":{"@id":"https:\/\/moeb.ca\/en\/#organization"},"potentialAction":[{"@type":"SearchAction","target":{"@type":"EntryPoint","urlTemplate":"https:\/\/moeb.ca\/en\/?s={search_term_string}"},"query-input":{"@type":"PropertyValueSpecification","valueRequired":true,"valueName":"search_term_string"}}],"inLanguage":"en-US"},{"@type":"Organization","@id":"https:\/\/moeb.ca\/en\/#organization","name":"Mus\u00e9e des Ondes Emile Berliner","url":"https:\/\/moeb.ca\/en\/","logo":{"@type":"ImageObject","inLanguage":"en-US","@id":"https:\/\/moeb.ca\/en\/#\/schema\/logo\/image\/","url":"https:\/\/moeb.ca\/wp-content\/uploads\/2020\/08\/moeb-logo.jpg","contentUrl":"https:\/\/moeb.ca\/wp-content\/uploads\/2020\/08\/moeb-logo.jpg","width":225,"height":120,"caption":"Mus\u00e9e des Ondes Emile Berliner"},"image":{"@id":"https:\/\/moeb.ca\/en\/#\/schema\/logo\/image\/"},"sameAs":["https:\/\/www.facebook.com\/Mus\u00e9e-des-ondes-Emile-Berliner-368583116562909\/"]}]}},"_links":{"self":[{"href":"https:\/\/moeb.ca\/en\/wp-json\/wp\/v2\/pages\/2761","targetHints":{"allow":["GET"]}}],"collection":[{"href":"https:\/\/moeb.ca\/en\/wp-json\/wp\/v2\/pages"}],"about":[{"href":"https:\/\/moeb.ca\/en\/wp-json\/wp\/v2\/types\/page"}],"author":[{"embeddable":true,"href":"https:\/\/moeb.ca\/en\/wp-json\/wp\/v2\/users\/1"}],"replies":[{"embeddable":true,"href":"https:\/\/moeb.ca\/en\/wp-json\/wp\/v2\/comments?post=2761"}],"version-history":[{"count":0,"href":"https:\/\/moeb.ca\/en\/wp-json\/wp\/v2\/pages\/2761\/revisions"}],"wp:attachment":[{"href":"https:\/\/moeb.ca\/en\/wp-json\/wp\/v2\/media?parent=2761"}],"curies":[{"name":"wp","href":"https:\/\/api.w.org\/{rel}","templated":true}]}}