{"id":3078,"date":"2023-09-27T14:47:16","date_gmt":"2023-09-27T18:47:16","guid":{"rendered":"https:\/\/moeb.ca\/educational-program\/"},"modified":"2023-12-03T16:05:25","modified_gmt":"2023-12-03T21:05:25","slug":"educational-program","status":"publish","type":"page","link":"https:\/\/moeb.ca\/en\/educational-program\/","title":{"rendered":"Educational Program"},"content":{"rendered":"\n\n\t<p>Visiting the Mus\u00e9e des ondes Emile Berliner benefits students in cycle two of primary schools and cycle one and two of high school, C\u00c9GEP and University classes. A visit to the Mus\u00e9e des ondes Emile Berliner informs you and your students about following subjects:<\/p>\n\t<ul>\n<li>What is sound?<\/li>\n<li>Can we make soundwaves visible?<\/li>\n<li>How do we record music?<\/li>\n<li>Are there different ways to create sound recordings?<\/li>\n<li>Who invented sound recording and playing recorded sound?<\/li>\n<li>What is a gramophone and how does it work?<\/li>\n<li>Do we need electricity to amplify sound?<\/li>\n<li>How far can soundwaves travel?<\/li>\n<li>How does a radio work?<\/li>\n<li>What was the role of Montreal in sound technology?<\/li>\n<li>Which role did Montreal play in globalizing communication technology?<\/li>\n<li>Who created the first Canadian satellites and what did the satellites accomplish?<\/li>\n<\/ul>\n\t\t\t\t<img decoding=\"async\" src=\"https:\/\/moeb.ca\/wp-content\/uploads\/2023\/09\/programme-educatif1.jpg\" alt=\"Educational Program\" itemprop=\"image\" height=\"640\" width=\"850\" title=\"educational-program1\" onerror=\"this.style.display='none'\"  \/>\n<h3>\n\t\tHow to plan a school trip to the Mus\u00e9e des ondes Emile Berliner\n\t<\/h3>\n\t\t\t\t<img decoding=\"async\" src=\"https:\/\/moeb.ca\/wp-content\/uploads\/2023\/09\/programme-educatif2.jpg\" alt=\"Educational Program\" itemprop=\"image\" height=\"640\" width=\"850\" title=\"educational-program2\" onerror=\"this.style.display='none'\"  \/>\n\t<ol>\n<li>Send us an email to\u00a0<a href=\"mailto:info@moeb.ca\">info@moeb.ca<\/a>\u00a0with your preferred date, time, class level and number of students. We will confirm with you the date and time. Please give the museum two weeks&#8217; notice before your visit.<\/li>\n<li>The objects of the museum are fragile and for demonstration purposes accessible. Students need to be supervised by teachers and chaperons at all times. For elementary classes, please calculate one chaperon for 8 students, for high school classes one chaperon for 12 students. We request no entrance fee for chaperons and teachers.<\/li>\n<li>For classes of 15 students and more, the museum offers a guided tour with demonstrations of historic audio and video technology free of charge.<\/li>\n<li>The guided tour takes around 60 minutes. A visit to the museum allows your students to explore our permanent and temporary exhibitions. You can calculate 30 minutes for this activity.<\/li>\n<li>An educational program of approximately 60 minutes with interactive experiments is available for a fee of $ 7 per student.<\/li>\n<li>Schools are eligible for financial support for their visit through &#8220;<em>La culture \u00e0 l&#8217;\u00e9cole.&#8221;\u00a0<\/em>You find the Mus\u00e9e des ondes Emile Berliner on the list of cultural-scientific organizations:\u00a0<a href=\"https:\/\/www.economie.gouv.qc.ca\/bibliotheques\/repertoires\/liste-des-organismes-de-culture-scientifique\/\" target=\"_blank\" rel=\"noopener\">https:\/\/www.economie.gouv.qc.ca\/bibliotheques\/repertoires\/liste-des-organismes-de-culture-scientifique\/<\/a><\/li>\n<li>Download our pedagogical brochure in PDF format. The brochure helps you to prepare your students for the visit and gives creative ideas for after visit activities.<\/li>\n<\/ol>\n\t<p>Download (PDF) <a href=\"https:\/\/moeb.ca\/wp-content\/uploads\/2023\/12\/9.6_Educational_Program_2023.pdf\" target=\"_blank\" rel=\"noopener\">&#8220;EDUCATIONAL PROGRAM Primary School Cycle 2, Secondary School Cycle 1 and 2&#8221;<\/a>.<\/p>\n<p><em><strong>Thank you to the Trottier Family Foundation for funding the creation of the MOEB educational program.<\/strong><\/em><\/p>\n\n","protected":false},"excerpt":{"rendered":"<p>Visiting the Mus\u00e9e des ondes Emile Berliner benefits students in cycle two of primary schools and cycle one and two of high school, C\u00c9GEP and University classes. A visit to the Mus\u00e9e des ondes Emile Berliner informs you and your students about following subjects: What is sound? Can we make soundwaves visible? How do we [&hellip;]<\/p>\n","protected":false},"author":1,"featured_media":0,"parent":0,"menu_order":0,"comment_status":"closed","ping_status":"closed","template":"","meta":{"_acf_changed":false,"_genesis_hide_title":false,"_genesis_hide_breadcrumbs":false,"_genesis_hide_singular_image":false,"_genesis_hide_footer_widgets":false,"_genesis_custom_body_class":"","_genesis_custom_post_class":"","_genesis_layout":"","ngg_post_thumbnail":0,"footnotes":""},"class_list":{"0":"post-3078","1":"page","2":"type-page","3":"status-publish","5":"entry"},"acf":[],"yoast_head":"<!-- This site is optimized with the Yoast SEO plugin v27.3 - https:\/\/yoast.com\/product\/yoast-seo-wordpress\/ -->\n<title>Educational Program - Mus\u00e9e des ondes Emile Berliner<\/title>\n<meta name=\"robots\" content=\"index, follow, max-snippet:-1, max-image-preview:large, max-video-preview:-1\" \/>\n<link rel=\"canonical\" href=\"https:\/\/moeb.ca\/en\/educational-program\/\" \/>\n<meta property=\"og:locale\" content=\"en_US\" \/>\n<meta property=\"og:type\" content=\"article\" \/>\n<meta property=\"og:title\" content=\"Educational Program - Mus\u00e9e des ondes Emile Berliner\" \/>\n<meta property=\"og:description\" content=\"Visiting the Mus\u00e9e des ondes Emile Berliner benefits students in cycle two of primary schools and cycle one and two of high school, C\u00c9GEP and University classes. A visit to the Mus\u00e9e des ondes Emile Berliner informs you and your students about following subjects: What is sound? Can we make soundwaves visible? How do we [&hellip;]\" \/>\n<meta property=\"og:url\" content=\"https:\/\/moeb.ca\/en\/educational-program\/\" \/>\n<meta property=\"og:site_name\" content=\"Mus\u00e9e des ondes Emile Berliner\" \/>\n<meta property=\"article:publisher\" content=\"https:\/\/www.facebook.com\/Mus%c3%a9e-des-ondes-Emile-Berliner-368583116562909\/\" \/>\n<meta property=\"article:modified_time\" content=\"2023-12-03T21:05:25+00:00\" \/>\n<meta property=\"og:image\" content=\"https:\/\/moeb.ca\/wp-content\/uploads\/2023\/09\/programme-educatif1.jpg\" \/>\n<meta name=\"twitter:card\" content=\"summary_large_image\" \/>\n<meta name=\"twitter:label1\" content=\"Est. reading time\" \/>\n\t<meta name=\"twitter:data1\" content=\"2 minutes\" \/>\n<script type=\"application\/ld+json\" class=\"yoast-schema-graph\">{\"@context\":\"https:\\\/\\\/schema.org\",\"@graph\":[{\"@type\":\"WebPage\",\"@id\":\"https:\\\/\\\/moeb.ca\\\/en\\\/educational-program\\\/\",\"url\":\"https:\\\/\\\/moeb.ca\\\/en\\\/educational-program\\\/\",\"name\":\"Educational Program - Mus\u00e9e des ondes Emile Berliner\",\"isPartOf\":{\"@id\":\"https:\\\/\\\/moeb.ca\\\/en\\\/#website\"},\"primaryImageOfPage\":{\"@id\":\"https:\\\/\\\/moeb.ca\\\/en\\\/educational-program\\\/#primaryimage\"},\"image\":{\"@id\":\"https:\\\/\\\/moeb.ca\\\/en\\\/educational-program\\\/#primaryimage\"},\"thumbnailUrl\":\"https:\\\/\\\/moeb.ca\\\/wp-content\\\/uploads\\\/2023\\\/09\\\/programme-educatif1.jpg\",\"datePublished\":\"2023-09-27T18:47:16+00:00\",\"dateModified\":\"2023-12-03T21:05:25+00:00\",\"breadcrumb\":{\"@id\":\"https:\\\/\\\/moeb.ca\\\/en\\\/educational-program\\\/#breadcrumb\"},\"inLanguage\":\"en-US\",\"potentialAction\":[{\"@type\":\"ReadAction\",\"target\":[\"https:\\\/\\\/moeb.ca\\\/en\\\/educational-program\\\/\"]}]},{\"@type\":\"ImageObject\",\"inLanguage\":\"en-US\",\"@id\":\"https:\\\/\\\/moeb.ca\\\/en\\\/educational-program\\\/#primaryimage\",\"url\":\"https:\\\/\\\/moeb.ca\\\/wp-content\\\/uploads\\\/2023\\\/09\\\/programme-educatif1.jpg\",\"contentUrl\":\"https:\\\/\\\/moeb.ca\\\/wp-content\\\/uploads\\\/2023\\\/09\\\/programme-educatif1.jpg\"},{\"@type\":\"BreadcrumbList\",\"@id\":\"https:\\\/\\\/moeb.ca\\\/en\\\/educational-program\\\/#breadcrumb\",\"itemListElement\":[{\"@type\":\"ListItem\",\"position\":1,\"name\":\"Home\",\"item\":\"https:\\\/\\\/moeb.ca\\\/en\\\/\"},{\"@type\":\"ListItem\",\"position\":2,\"name\":\"Educational Program\"}]},{\"@type\":\"WebSite\",\"@id\":\"https:\\\/\\\/moeb.ca\\\/en\\\/#website\",\"url\":\"https:\\\/\\\/moeb.ca\\\/en\\\/\",\"name\":\"Mus\u00e9e des ondes Emile Berliner\",\"description\":\"Diffuser le patrimoine associ\u00e9 \u00e0 l&#039;histoire de l\u2019industrie des ondes sonores\",\"publisher\":{\"@id\":\"https:\\\/\\\/moeb.ca\\\/en\\\/#organization\"},\"potentialAction\":[{\"@type\":\"SearchAction\",\"target\":{\"@type\":\"EntryPoint\",\"urlTemplate\":\"https:\\\/\\\/moeb.ca\\\/en\\\/?s={search_term_string}\"},\"query-input\":{\"@type\":\"PropertyValueSpecification\",\"valueRequired\":true,\"valueName\":\"search_term_string\"}}],\"inLanguage\":\"en-US\"},{\"@type\":\"Organization\",\"@id\":\"https:\\\/\\\/moeb.ca\\\/en\\\/#organization\",\"name\":\"Mus\u00e9e des Ondes Emile Berliner\",\"url\":\"https:\\\/\\\/moeb.ca\\\/en\\\/\",\"logo\":{\"@type\":\"ImageObject\",\"inLanguage\":\"en-US\",\"@id\":\"https:\\\/\\\/moeb.ca\\\/en\\\/#\\\/schema\\\/logo\\\/image\\\/\",\"url\":\"https:\\\/\\\/moeb.ca\\\/wp-content\\\/uploads\\\/2020\\\/08\\\/moeb-logo.jpg\",\"contentUrl\":\"https:\\\/\\\/moeb.ca\\\/wp-content\\\/uploads\\\/2020\\\/08\\\/moeb-logo.jpg\",\"width\":225,\"height\":120,\"caption\":\"Mus\u00e9e des Ondes Emile Berliner\"},\"image\":{\"@id\":\"https:\\\/\\\/moeb.ca\\\/en\\\/#\\\/schema\\\/logo\\\/image\\\/\"},\"sameAs\":[\"https:\\\/\\\/www.facebook.com\\\/Mus\u00e9e-des-ondes-Emile-Berliner-368583116562909\\\/\"]}]}<\/script>\n<!-- \/ Yoast SEO plugin. -->","yoast_head_json":{"title":"Educational Program - Mus\u00e9e des ondes Emile Berliner","robots":{"index":"index","follow":"follow","max-snippet":"max-snippet:-1","max-image-preview":"max-image-preview:large","max-video-preview":"max-video-preview:-1"},"canonical":"https:\/\/moeb.ca\/en\/educational-program\/","og_locale":"en_US","og_type":"article","og_title":"Educational Program - Mus\u00e9e des ondes Emile Berliner","og_description":"Visiting the Mus\u00e9e des ondes Emile Berliner benefits students in cycle two of primary schools and cycle one and two of high school, C\u00c9GEP and University classes. A visit to the Mus\u00e9e des ondes Emile Berliner informs you and your students about following subjects: What is sound? Can we make soundwaves visible? How do we [&hellip;]","og_url":"https:\/\/moeb.ca\/en\/educational-program\/","og_site_name":"Mus\u00e9e des ondes Emile Berliner","article_publisher":"https:\/\/www.facebook.com\/Mus%c3%a9e-des-ondes-Emile-Berliner-368583116562909\/","article_modified_time":"2023-12-03T21:05:25+00:00","og_image":[{"url":"https:\/\/moeb.ca\/wp-content\/uploads\/2023\/09\/programme-educatif1.jpg","type":"","width":"","height":""}],"twitter_card":"summary_large_image","twitter_misc":{"Est. reading time":"2 minutes"},"schema":{"@context":"https:\/\/schema.org","@graph":[{"@type":"WebPage","@id":"https:\/\/moeb.ca\/en\/educational-program\/","url":"https:\/\/moeb.ca\/en\/educational-program\/","name":"Educational Program - Mus\u00e9e des ondes Emile Berliner","isPartOf":{"@id":"https:\/\/moeb.ca\/en\/#website"},"primaryImageOfPage":{"@id":"https:\/\/moeb.ca\/en\/educational-program\/#primaryimage"},"image":{"@id":"https:\/\/moeb.ca\/en\/educational-program\/#primaryimage"},"thumbnailUrl":"https:\/\/moeb.ca\/wp-content\/uploads\/2023\/09\/programme-educatif1.jpg","datePublished":"2023-09-27T18:47:16+00:00","dateModified":"2023-12-03T21:05:25+00:00","breadcrumb":{"@id":"https:\/\/moeb.ca\/en\/educational-program\/#breadcrumb"},"inLanguage":"en-US","potentialAction":[{"@type":"ReadAction","target":["https:\/\/moeb.ca\/en\/educational-program\/"]}]},{"@type":"ImageObject","inLanguage":"en-US","@id":"https:\/\/moeb.ca\/en\/educational-program\/#primaryimage","url":"https:\/\/moeb.ca\/wp-content\/uploads\/2023\/09\/programme-educatif1.jpg","contentUrl":"https:\/\/moeb.ca\/wp-content\/uploads\/2023\/09\/programme-educatif1.jpg"},{"@type":"BreadcrumbList","@id":"https:\/\/moeb.ca\/en\/educational-program\/#breadcrumb","itemListElement":[{"@type":"ListItem","position":1,"name":"Home","item":"https:\/\/moeb.ca\/en\/"},{"@type":"ListItem","position":2,"name":"Educational Program"}]},{"@type":"WebSite","@id":"https:\/\/moeb.ca\/en\/#website","url":"https:\/\/moeb.ca\/en\/","name":"Mus\u00e9e des ondes Emile Berliner","description":"Diffuser le patrimoine associ\u00e9 \u00e0 l&#039;histoire de l\u2019industrie des ondes sonores","publisher":{"@id":"https:\/\/moeb.ca\/en\/#organization"},"potentialAction":[{"@type":"SearchAction","target":{"@type":"EntryPoint","urlTemplate":"https:\/\/moeb.ca\/en\/?s={search_term_string}"},"query-input":{"@type":"PropertyValueSpecification","valueRequired":true,"valueName":"search_term_string"}}],"inLanguage":"en-US"},{"@type":"Organization","@id":"https:\/\/moeb.ca\/en\/#organization","name":"Mus\u00e9e des Ondes Emile Berliner","url":"https:\/\/moeb.ca\/en\/","logo":{"@type":"ImageObject","inLanguage":"en-US","@id":"https:\/\/moeb.ca\/en\/#\/schema\/logo\/image\/","url":"https:\/\/moeb.ca\/wp-content\/uploads\/2020\/08\/moeb-logo.jpg","contentUrl":"https:\/\/moeb.ca\/wp-content\/uploads\/2020\/08\/moeb-logo.jpg","width":225,"height":120,"caption":"Mus\u00e9e des Ondes Emile Berliner"},"image":{"@id":"https:\/\/moeb.ca\/en\/#\/schema\/logo\/image\/"},"sameAs":["https:\/\/www.facebook.com\/Mus\u00e9e-des-ondes-Emile-Berliner-368583116562909\/"]}]}},"_links":{"self":[{"href":"https:\/\/moeb.ca\/en\/wp-json\/wp\/v2\/pages\/3078","targetHints":{"allow":["GET"]}}],"collection":[{"href":"https:\/\/moeb.ca\/en\/wp-json\/wp\/v2\/pages"}],"about":[{"href":"https:\/\/moeb.ca\/en\/wp-json\/wp\/v2\/types\/page"}],"author":[{"embeddable":true,"href":"https:\/\/moeb.ca\/en\/wp-json\/wp\/v2\/users\/1"}],"replies":[{"embeddable":true,"href":"https:\/\/moeb.ca\/en\/wp-json\/wp\/v2\/comments?post=3078"}],"version-history":[{"count":0,"href":"https:\/\/moeb.ca\/en\/wp-json\/wp\/v2\/pages\/3078\/revisions"}],"wp:attachment":[{"href":"https:\/\/moeb.ca\/en\/wp-json\/wp\/v2\/media?parent=3078"}],"curies":[{"name":"wp","href":"https:\/\/api.w.org\/{rel}","templated":true}]}}