{"id":799,"date":"2021-03-11T11:01:49","date_gmt":"2021-03-11T16:01:49","guid":{"rendered":"https:\/\/moeb.ca\/reservation\/"},"modified":"2026-04-07T11:41:43","modified_gmt":"2026-04-07T15:41:43","slug":"buy-tickets","status":"publish","type":"page","link":"https:\/\/moeb.ca\/en\/buy-tickets\/","title":{"rendered":"Buy your tickets"},"content":{"rendered":"\r\n\r\n\t<p>Don&#8217;t miss the opportunity to discover our exceptional collections! Book your tickets online today and prepare yourself for an unforgettable experience.<\/p>\r\n\t<h3>To make a reservation for a visit to the museum, here&#8217;s how:<\/h3>\r\n<ol>\r\n<li>Choose a visit<\/li>\r\n<li>Choose a date and time<\/li>\r\n<li>Choose the number of people in the &#8220;Quantity&#8221; field<\/li>\r\n<li>Add to Cart<\/li>\r\n<li>Members of the MOEB: proceed to the next page, click &#8220;I am a member&#8221; for your free access ticket<\/li>\r\n<\/ol>\r\n<p><iframe id=\"widgetFrame\" src=\"https:\/\/www.findjoo.com\/POS\/Widget\/bc153580-6db8-4b21-84f6-aa72010854ad?editId=800cc155-ef4f-4214-bb05-3f829f91cc94&#038;hideProducts=true&#038;hideEvents=true&#038;hideBookings=true&#038;language=en\" frameborder=\"0\" scrolling=\"no\" seamless=\"seamless\"><\/iframe><\/p>\r\n\r\n","protected":false},"excerpt":{"rendered":"<p>Don&#8217;t miss the opportunity to discover our exceptional collections! Book your tickets online today and prepare yourself for an unforgettable experience. To make a reservation for a visit to the museum, here&#8217;s how: Choose a visit Choose a date and time Choose the number of people in the &#8220;Quantity&#8221; field Add to Cart Members of [&hellip;]<\/p>\n","protected":false},"author":1,"featured_media":0,"parent":0,"menu_order":0,"comment_status":"closed","ping_status":"closed","template":"","meta":{"_acf_changed":false,"_genesis_hide_title":false,"_genesis_hide_breadcrumbs":false,"_genesis_hide_singular_image":false,"_genesis_hide_footer_widgets":false,"_genesis_custom_body_class":"","_genesis_custom_post_class":"","_genesis_layout":"","ngg_post_thumbnail":0,"footnotes":""},"class_list":{"0":"post-799","1":"page","2":"type-page","3":"status-publish","5":"entry"},"acf":[],"yoast_head":"<!-- This site is optimized with the Yoast SEO plugin v27.3 - https:\/\/yoast.com\/product\/yoast-seo-wordpress\/ -->\n<title>Buy your tickets - Mus\u00e9e des ondes Emile Berliner<\/title>\n<meta name=\"robots\" content=\"noindex, follow\" \/>\n<meta property=\"og:locale\" content=\"en_US\" \/>\n<meta property=\"og:type\" content=\"article\" \/>\n<meta property=\"og:title\" content=\"Buy your tickets - Mus\u00e9e des ondes Emile Berliner\" \/>\n<meta property=\"og:description\" content=\"Don&#8217;t miss the opportunity to discover our exceptional collections! Book your tickets online today and prepare yourself for an unforgettable experience. To make a reservation for a visit to the museum, here&#8217;s how: Choose a visit Choose a date and time Choose the number of people in the &#8220;Quantity&#8221; field Add to Cart Members of [&hellip;]\" \/>\n<meta property=\"og:url\" content=\"https:\/\/moeb.ca\/en\/buy-tickets\/\" \/>\n<meta property=\"og:site_name\" content=\"Mus\u00e9e des ondes Emile Berliner\" \/>\n<meta property=\"article:publisher\" content=\"https:\/\/www.facebook.com\/Mus%c3%a9e-des-ondes-Emile-Berliner-368583116562909\/\" \/>\n<meta property=\"article:modified_time\" content=\"2026-04-07T15:41:43+00:00\" \/>\n<meta name=\"twitter:card\" content=\"summary_large_image\" \/>\n<meta name=\"twitter:label1\" content=\"Est. reading time\" \/>\n\t<meta name=\"twitter:data1\" content=\"1 minute\" \/>\n<script type=\"application\/ld+json\" class=\"yoast-schema-graph\">{\"@context\":\"https:\\\/\\\/schema.org\",\"@graph\":[{\"@type\":\"WebPage\",\"@id\":\"https:\\\/\\\/moeb.ca\\\/en\\\/buy-tickets\\\/\",\"url\":\"https:\\\/\\\/moeb.ca\\\/en\\\/buy-tickets\\\/\",\"name\":\"Buy your tickets - Mus\u00e9e des ondes Emile Berliner\",\"isPartOf\":{\"@id\":\"https:\\\/\\\/moeb.ca\\\/en\\\/#website\"},\"datePublished\":\"2021-03-11T16:01:49+00:00\",\"dateModified\":\"2026-04-07T15:41:43+00:00\",\"breadcrumb\":{\"@id\":\"https:\\\/\\\/moeb.ca\\\/en\\\/buy-tickets\\\/#breadcrumb\"},\"inLanguage\":\"en-US\",\"potentialAction\":[{\"@type\":\"ReadAction\",\"target\":[\"https:\\\/\\\/moeb.ca\\\/en\\\/buy-tickets\\\/\"]}]},{\"@type\":\"BreadcrumbList\",\"@id\":\"https:\\\/\\\/moeb.ca\\\/en\\\/buy-tickets\\\/#breadcrumb\",\"itemListElement\":[{\"@type\":\"ListItem\",\"position\":1,\"name\":\"Home\",\"item\":\"https:\\\/\\\/moeb.ca\\\/en\\\/\"},{\"@type\":\"ListItem\",\"position\":2,\"name\":\"Buy your tickets\"}]},{\"@type\":\"WebSite\",\"@id\":\"https:\\\/\\\/moeb.ca\\\/en\\\/#website\",\"url\":\"https:\\\/\\\/moeb.ca\\\/en\\\/\",\"name\":\"Mus\u00e9e des ondes Emile Berliner\",\"description\":\"Diffuser le patrimoine associ\u00e9 \u00e0 l&#039;histoire de l\u2019industrie des ondes sonores\",\"publisher\":{\"@id\":\"https:\\\/\\\/moeb.ca\\\/en\\\/#organization\"},\"potentialAction\":[{\"@type\":\"SearchAction\",\"target\":{\"@type\":\"EntryPoint\",\"urlTemplate\":\"https:\\\/\\\/moeb.ca\\\/en\\\/?s={search_term_string}\"},\"query-input\":{\"@type\":\"PropertyValueSpecification\",\"valueRequired\":true,\"valueName\":\"search_term_string\"}}],\"inLanguage\":\"en-US\"},{\"@type\":\"Organization\",\"@id\":\"https:\\\/\\\/moeb.ca\\\/en\\\/#organization\",\"name\":\"Mus\u00e9e des Ondes Emile Berliner\",\"url\":\"https:\\\/\\\/moeb.ca\\\/en\\\/\",\"logo\":{\"@type\":\"ImageObject\",\"inLanguage\":\"en-US\",\"@id\":\"https:\\\/\\\/moeb.ca\\\/en\\\/#\\\/schema\\\/logo\\\/image\\\/\",\"url\":\"https:\\\/\\\/moeb.ca\\\/wp-content\\\/uploads\\\/2020\\\/08\\\/moeb-logo.jpg\",\"contentUrl\":\"https:\\\/\\\/moeb.ca\\\/wp-content\\\/uploads\\\/2020\\\/08\\\/moeb-logo.jpg\",\"width\":225,\"height\":120,\"caption\":\"Mus\u00e9e des Ondes Emile Berliner\"},\"image\":{\"@id\":\"https:\\\/\\\/moeb.ca\\\/en\\\/#\\\/schema\\\/logo\\\/image\\\/\"},\"sameAs\":[\"https:\\\/\\\/www.facebook.com\\\/Mus\u00e9e-des-ondes-Emile-Berliner-368583116562909\\\/\"]}]}<\/script>\n<!-- \/ Yoast SEO plugin. -->","yoast_head_json":{"title":"Buy your tickets - Mus\u00e9e des ondes Emile Berliner","robots":{"index":"noindex","follow":"follow"},"og_locale":"en_US","og_type":"article","og_title":"Buy your tickets - Mus\u00e9e des ondes Emile Berliner","og_description":"Don&#8217;t miss the opportunity to discover our exceptional collections! Book your tickets online today and prepare yourself for an unforgettable experience. To make a reservation for a visit to the museum, here&#8217;s how: Choose a visit Choose a date and time Choose the number of people in the &#8220;Quantity&#8221; field Add to Cart Members of [&hellip;]","og_url":"https:\/\/moeb.ca\/en\/buy-tickets\/","og_site_name":"Mus\u00e9e des ondes Emile Berliner","article_publisher":"https:\/\/www.facebook.com\/Mus%c3%a9e-des-ondes-Emile-Berliner-368583116562909\/","article_modified_time":"2026-04-07T15:41:43+00:00","twitter_card":"summary_large_image","twitter_misc":{"Est. reading time":"1 minute"},"schema":{"@context":"https:\/\/schema.org","@graph":[{"@type":"WebPage","@id":"https:\/\/moeb.ca\/en\/buy-tickets\/","url":"https:\/\/moeb.ca\/en\/buy-tickets\/","name":"Buy your tickets - Mus\u00e9e des ondes Emile Berliner","isPartOf":{"@id":"https:\/\/moeb.ca\/en\/#website"},"datePublished":"2021-03-11T16:01:49+00:00","dateModified":"2026-04-07T15:41:43+00:00","breadcrumb":{"@id":"https:\/\/moeb.ca\/en\/buy-tickets\/#breadcrumb"},"inLanguage":"en-US","potentialAction":[{"@type":"ReadAction","target":["https:\/\/moeb.ca\/en\/buy-tickets\/"]}]},{"@type":"BreadcrumbList","@id":"https:\/\/moeb.ca\/en\/buy-tickets\/#breadcrumb","itemListElement":[{"@type":"ListItem","position":1,"name":"Home","item":"https:\/\/moeb.ca\/en\/"},{"@type":"ListItem","position":2,"name":"Buy your tickets"}]},{"@type":"WebSite","@id":"https:\/\/moeb.ca\/en\/#website","url":"https:\/\/moeb.ca\/en\/","name":"Mus\u00e9e des ondes Emile Berliner","description":"Diffuser le patrimoine associ\u00e9 \u00e0 l&#039;histoire de l\u2019industrie des ondes sonores","publisher":{"@id":"https:\/\/moeb.ca\/en\/#organization"},"potentialAction":[{"@type":"SearchAction","target":{"@type":"EntryPoint","urlTemplate":"https:\/\/moeb.ca\/en\/?s={search_term_string}"},"query-input":{"@type":"PropertyValueSpecification","valueRequired":true,"valueName":"search_term_string"}}],"inLanguage":"en-US"},{"@type":"Organization","@id":"https:\/\/moeb.ca\/en\/#organization","name":"Mus\u00e9e des Ondes Emile Berliner","url":"https:\/\/moeb.ca\/en\/","logo":{"@type":"ImageObject","inLanguage":"en-US","@id":"https:\/\/moeb.ca\/en\/#\/schema\/logo\/image\/","url":"https:\/\/moeb.ca\/wp-content\/uploads\/2020\/08\/moeb-logo.jpg","contentUrl":"https:\/\/moeb.ca\/wp-content\/uploads\/2020\/08\/moeb-logo.jpg","width":225,"height":120,"caption":"Mus\u00e9e des Ondes Emile Berliner"},"image":{"@id":"https:\/\/moeb.ca\/en\/#\/schema\/logo\/image\/"},"sameAs":["https:\/\/www.facebook.com\/Mus\u00e9e-des-ondes-Emile-Berliner-368583116562909\/"]}]}},"_links":{"self":[{"href":"https:\/\/moeb.ca\/en\/wp-json\/wp\/v2\/pages\/799","targetHints":{"allow":["GET"]}}],"collection":[{"href":"https:\/\/moeb.ca\/en\/wp-json\/wp\/v2\/pages"}],"about":[{"href":"https:\/\/moeb.ca\/en\/wp-json\/wp\/v2\/types\/page"}],"author":[{"embeddable":true,"href":"https:\/\/moeb.ca\/en\/wp-json\/wp\/v2\/users\/1"}],"replies":[{"embeddable":true,"href":"https:\/\/moeb.ca\/en\/wp-json\/wp\/v2\/comments?post=799"}],"version-history":[{"count":1,"href":"https:\/\/moeb.ca\/en\/wp-json\/wp\/v2\/pages\/799\/revisions"}],"predecessor-version":[{"id":4103,"href":"https:\/\/moeb.ca\/en\/wp-json\/wp\/v2\/pages\/799\/revisions\/4103"}],"wp:attachment":[{"href":"https:\/\/moeb.ca\/en\/wp-json\/wp\/v2\/media?parent=799"}],"curies":[{"name":"wp","href":"https:\/\/api.w.org\/{rel}","templated":true}]}}